{"id":13829,"date":"2022-09-16T17:08:58","date_gmt":"2022-09-16T15:08:58","guid":{"rendered":"http:\/\/neu.thegeekettez.com\/?page_id=13829"},"modified":"2026-03-08T21:18:00","modified_gmt":"2026-03-08T20:18:00","slug":"requirements-analysis","status":"publish","type":"page","link":"https:\/\/birdux.studio\/en\/leistungen\/anforderungsanalyse\/","title":{"rendered":"Requirements Analysis"},"content":{"rendered":"<p>[et_pb_section fb_built=&#8220;1&#8243; admin_label=&#8220;Sektion&#8220; _builder_version=&#8220;4.21.0&#8243; _module_preset=&#8220;default&#8220; global_colors_info=&#8220;{}&#8220;][et_pb_row _builder_version=&#8220;4.19.5&#8243; _module_preset=&#8220;default&#8220; global_colors_info=&#8220;{}&#8220;][et_pb_column type=&#8220;4_4&#8243; _builder_version=&#8220;4.19.5&#8243; _module_preset=&#8220;default&#8220; global_colors_info=&#8220;{}&#8220;][et_pb_text admin_label=&#8220;Topline&#8220; module_class=&#8220;topline&#8220; _builder_version=&#8220;4.27.4&#8243; _module_preset=&#8220;7e2fb8b0-5ccc-4b1f-b209-5f4ccb5fcdce&#8220; global_colors_info=&#8220;{}&#8220;]<\/p>\n<p><strong>Anforderungsanalyse<\/strong><\/p>\n<p>[\/et_pb_text][et_pb_text admin_label=&#8220;Titel&#8220; _builder_version=&#8220;4.27.4&#8243; _module_preset=&#8220;default&#8220; header_3_text_color=&#8220;#335d65&#8243; global_colors_info=&#8220;{}&#8220;]<\/p>\n<h1>Vermutungen in Erkenntnisse wandeln.<\/h1>\n<h3>Gute L\u00f6sungen beginnen mit den richtigen Fragen. Deshalb starten wir mit Zuh\u00f6ren, Beobachten und Verstehen. So entstehen digitale Produkte und Services, die nicht nur funktionieren, sondern wirklichen Mehrwert bringen \u2013 f\u00fcr eure Nutzer*innen und f\u00fcr euch. Win-win!<\/h3>\n<p>[\/et_pb_text][\/et_pb_column][\/et_pb_row][\/et_pb_section][et_pb_section fb_built=&#8220;1&#8243; admin_label=&#8220;Sektion&#8220; _builder_version=&#8220;4.21.0&#8243; _module_preset=&#8220;default&#8220; global_colors_info=&#8220;{}&#8220;][et_pb_row module_class=&#8220;leistung&#8220; _builder_version=&#8220;4.27.4&#8243; _module_preset=&#8220;default&#8220; custom_padding=&#8220;0px|||||&#8220; global_colors_info=&#8220;{}&#8220;][et_pb_column type=&#8220;4_4&#8243; _builder_version=&#8220;4.19.5&#8243; _module_preset=&#8220;default&#8220; global_colors_info=&#8220;{}&#8220;][et_pb_text _builder_version=&#8220;4.27.4&#8243; _module_preset=&#8220;default&#8220; global_colors_info=&#8220;{}&#8220;]<\/p>\n<h4>Was brauchen Nutzer*innen und Stakeholder*innen wirklich?<\/h4>\n<p>Wir f\u00fchren Interviews, Beobachtungen oder Surveys mit echten Nutzer*innen durch, analysieren bestehende Systeme oder sammeln und evaluieren fr\u00fche Ideen in Stakeholder*innen-Workshops, je nachdem, was dein Projekt braucht. So schaffen wir ein gemeinsames Verst\u00e4ndnis: Wo sind die H\u00fcrden? Was fehlt? Was funktioniert? Und wo liegen Chancen, die bisher niemand auf dem Schirm hatte?<\/p>\n<p>Die Ergebnisse helfen dabei, funktionale, emotionale und strategische Anforderungen zu formulieren, die realit\u00e4tsnah und nachvollziehbar sind. Auf dieser Basis entstehen keine Konzepte ins Blaue, sondern fundierte L\u00f6sungen mit echtem Mehrwert.<\/p>\n<h4>Research trifft auf Strategie<\/h4>\n<p>Unsere Anforderungsanalyse geht \u00fcber reine Bed\u00fcrfnis-Erfassung hinaus: Sie liefert zugleich Erkenntnisse, um deine <a href=\"https:\/\/birdux.studio\/user-research-ux-leistungen\/ux-strategie\/\">UX Vision und strategische Ziele<\/a> zu sch\u00e4rfen. Wir identifizieren Chancen f\u00fcr Innovation und schaffen Entscheidungsgrundlagen f\u00fcr die n\u00e4chsten Schritte.<\/p>\n<p>Dabei arbeiten wir kollaborativ: Wir holen Dich und Deine Teams ins Boot, zeigen Zusammenh\u00e4nge auf und machen Anforderungen greifbar, z.\u00e2\u20ac\u00afB. durch User Journeys, Service Blueprints, Personas oder Priorisierungsmethoden wie Cost\/Impact-Matrices. Die Ergebnisse fassen wir nicht in 80-seitige PDFs, sondern in klare, umsetzbare Insights und Anforderungen: priorisiert, verst\u00e4ndlich und anschlussf\u00e4hig f\u00fcr alle Beteiligten, von Design, \u00fcber Entwicklung bis Management.<\/p>\n<p><b>Wie das in der Praxis aussehen kann<\/b><\/p>\n<ul>\n<li>In <b>Medienh\u00e4usern <\/b>identifizieren wir, wie sich digitale Informationsangebote barriere\u00e4rmer, verst\u00e4ndlicher und vertrauensw\u00fcrdiger gestalten lassen, z.B. auch f\u00fcr Zielgruppen, die bisher \u00fcbersehen wurden.<\/li>\n<li>In <b>Industrieunternehmen<\/b> zeigen wir, wie digitale Tools an den echten Arbeitsrealit\u00e4ten der Mitarbeitenden ausgerichtet werden k\u00f6nnen und dabei Effizienz und Fehlertoleranz optimiert werden k\u00f6nnen.<\/li>\n<li>In <b>Bildungseinrichtungen<\/b> analysieren wir die Bed\u00fcrfnisse unterschiedlichster Nutzer*innengruppen \u2013 von Lernenden bis zur Verwaltung \u2013 und schaffen Klarheit f\u00fcr Lernplattformen, Kursanmeldungen oder Informationszug\u00e4nge.<\/li>\n<li>In <b>NGOs<\/b> decken wir digitale H\u00fcrden in Spenden-, Mitmach- oder Kampagnenprozessen auf und entwickeln Anforderungen f\u00fcr barrierefreie, zug\u00e4ngliche Plattformen, die wirkliche Teilhabe erm\u00f6glichen.<\/li>\n<\/ul>\n<p>[\/et_pb_text][\/et_pb_column][\/et_pb_row][\/et_pb_section][et_pb_section fb_built=&#8220;1&#8243; _builder_version=&#8220;4.27.4&#8243; _module_preset=&#8220;daaab1ea-6eab-4b32-b2b9-7e77420a314d&#8220; global_module=&#8220;24030&#8243; saved_tabs=&#8220;all&#8220; locked=&#8220;off&#8220; global_colors_info=&#8220;{}&#8220;][et_pb_row _builder_version=&#8220;4.27.4&#8243; _module_preset=&#8220;default&#8220; custom_padding=&#8220;40px||40px||false|false&#8220; global_colors_info=&#8220;{}&#8220;][et_pb_column type=&#8220;4_4&#8243; _builder_version=&#8220;4.27.4&#8243; _module_preset=&#8220;default&#8220; global_colors_info=&#8220;{}&#8220;][et_pb_text _builder_version=&#8220;4.27.4&#8243; _dynamic_attributes=&#8220;content&#8220; _module_preset=&#8220;default&#8220; global_colors_info=&#8220;{}&#8220;]@ET-DC@eyJkeW5hbWljIjp0cnVlLCJjb250ZW50IjoicG9zdF90aXRsZSIsInNldHRpbmdzIjp7ImJlZm9yZSI6IjxoMz5BcnRpa2VsIFx1MDBmY2JlciAiLCJhZnRlciI6IjwvaDM+In19@[\/et_pb_text][\/et_pb_column][\/et_pb_row][\/et_pb_section][et_pb_section fb_built=&#8220;1&#8243; _builder_version=&#8220;4.27.4&#8243; _module_preset=&#8220;default&#8220; custom_padding=&#8220;0px|0px|0px|0px|false|false&#8220; locked=&#8220;off&#8220; global_colors_info=&#8220;{}&#8220;][et_pb_row _builder_version=&#8220;4.27.4&#8243; _module_preset=&#8220;default&#8220; custom_margin=&#8220;||||false|false&#8220; custom_padding=&#8220;0px|0px|0px|0px|false|false&#8220; global_colors_info=&#8220;{}&#8220;][et_pb_column type=&#8220;4_4&#8243; _builder_version=&#8220;4.27.4&#8243; _module_preset=&#8220;default&#8220; global_colors_info=&#8220;{}&#8220;][et_pb_blog posts_number=&#8220;4&#8243; include_categories=&#8220;45&#8243; meta_date=&#8220;j. M Y&#8220; show_thumbnail=&#8220;off&#8220; use_manual_excerpt=&#8220;off&#8220; show_categories=&#8220;off&#8220; module_class=&#8220;related_articles_list&#8220; _builder_version=&#8220;4.27.4&#8243; _module_preset=&#8220;default&#8220; header_level=&#8220;h6&#8243; global_colors_info=&#8220;{}&#8220;][\/et_pb_blog][\/et_pb_column][\/et_pb_row][\/et_pb_section][et_pb_section fb_built=&#8220;1&#8243; admin_label=&#8220;Sektion&#8220; _builder_version=&#8220;4.27.4&#8243; _module_preset=&#8220;8d3f797a-b5b7-4662-8f8a-a5574fa036b1&#8243; global_module=&#8220;24033&#8243; saved_tabs=&#8220;all&#8220; locked=&#8220;off&#8220; global_colors_info=&#8220;{}&#8220;][et_pb_row _builder_version=&#8220;4.27.4&#8243; _module_preset=&#8220;default&#8220; custom_padding=&#8220;40px||40px||false|false&#8220; global_colors_info=&#8220;{}&#8220;][et_pb_column type=&#8220;4_4&#8243; _builder_version=&#8220;4.27.4&#8243; _module_preset=&#8220;default&#8220; global_colors_info=&#8220;{}&#8220;][et_pb_text _builder_version=&#8220;4.27.4&#8243; _dynamic_attributes=&#8220;content&#8220; _module_preset=&#8220;default&#8220; global_colors_info=&#8220;{}&#8220;]@ET-DC@eyJkeW5hbWljIjp0cnVlLCJjb250ZW50IjoicG9zdF90aXRsZSIsInNldHRpbmdzIjp7ImJlZm9yZSI6IjxoMz4iLCJhZnRlciI6IiBDYXNlIFN0dWRpZXM8L2gzPiJ9fQ==@[\/et_pb_text][\/et_pb_column][\/et_pb_row][\/et_pb_section][et_pb_section fb_built=&#8220;1&#8243; admin_label=&#8220;Sektion&#8220; _builder_version=&#8220;4.27.4&#8243; _module_preset=&#8220;default&#8220; custom_padding=&#8220;||||false|false&#8220; locked=&#8220;off&#8220; global_colors_info=&#8220;{}&#8220;][et_pb_row _builder_version=&#8220;4.27.4&#8243; _module_preset=&#8220;default&#8220; custom_margin=&#8220;||||false|false&#8220; custom_padding=&#8220;0px|0px|0px|0px|false|false&#8220; locked=&#8220;off&#8220; global_colors_info=&#8220;{}&#8220;][et_pb_column type=&#8220;4_4&#8243; _builder_version=&#8220;4.27.4&#8243; _module_preset=&#8220;default&#8220; global_colors_info=&#8220;{}&#8220;][et_pb_portfolio include_categories=&#8220;129&#8243; show_pagination=&#8220;off&#8220; admin_label=&#8220;Portfolio&#8220; module_class=&#8220;related_casestudies_list&#8220; _builder_version=&#8220;4.27.4&#8243; _module_preset=&#8220;default&#8220; title_level=&#8220;h4&#8243; global_colors_info=&#8220;{}&#8220;][\/et_pb_portfolio][\/et_pb_column][\/et_pb_row][\/et_pb_section][et_pb_section fb_built=&#8220;1&#8243; admin_label=&#8220;C 3.0 &#8211; General Contact CTA&#8220; _builder_version=&#8220;4.27.4&#8243; _module_preset=&#8220;default&#8220; background_color=&#8220;#FDC5F6&#8243; global_colors_info=&#8220;{}&#8220;][et_pb_row _builder_version=&#8220;4.27.4&#8243; _module_preset=&#8220;default&#8220; global_colors_info=&#8220;{}&#8220;][et_pb_column type=&#8220;4_4&#8243; _builder_version=&#8220;4.27.4&#8243; _module_preset=&#8220;default&#8220; global_colors_info=&#8220;{}&#8220;][et_pb_text module_class=&#8220;like_h2&#8243; _builder_version=&#8220;4.27.4&#8243; _module_preset=&#8220;default&#8220; global_colors_info=&#8220;{}&#8220;]<\/p>\n<h2>Let&#8217;s talk\u2026<\/h2>\n<p>[\/et_pb_text][et_pb_text module_class=&#8220;like_h3&#8243; _builder_version=&#8220;4.27.4&#8243; _module_preset=&#8220;default&#8220; global_colors_info=&#8220;{}&#8220;]<\/p>\n<p><i>\u2026\u00fcber echte Bedarfe statt Annahmen. Ob du ein neues Projekt startest oder ein bereits bestehendes neu ausrichten willst: Wir unterst\u00fctzen dich dabei, herauszufinden, was Menschen wirklich brauchen und wie du daraus tragf\u00e4hige Anforderungen machst.<\/i><\/p>\n<p>[\/et_pb_text][et_pb_button button_url=&#8220;https:\/\/cal.meetergo.com\/birdux&#8220; button_text=&#8220;Jetzt kostenloses Erstgespr\u00e4ch vereinbaren&#8220; _builder_version=&#8220;4.27.4&#8243; _module_preset=&#8220;default&#8220; global_colors_info=&#8220;{}&#8220;][\/et_pb_button][\/et_pb_column][\/et_pb_row][\/et_pb_section][et_pb_section fb_built=&#8220;1&#8243; admin_label=&#8220;T 3.1 &#8211; Crosslink Leiste &#8211; Services &#8220; _builder_version=&#8220;4.27.4&#8243; _module_preset=&#8220;default&#8220; background_color=&#8220;#101010&#8243; locked=&#8220;off&#8220; global_colors_info=&#8220;{}&#8220;][et_pb_row _builder_version=&#8220;4.27.4&#8243; _module_preset=&#8220;default&#8220; custom_padding=&#8220;||0px|||&#8220; global_colors_info=&#8220;{}&#8220;][et_pb_column type=&#8220;4_4&#8243; _builder_version=&#8220;4.27.4&#8243; _module_preset=&#8220;default&#8220; global_colors_info=&#8220;{}&#8220;][et_pb_text admin_label=&#8220;Weitere Leistungen&#8220; _builder_version=&#8220;4.27.4&#8243; _module_preset=&#8220;default&#8220; background_layout=&#8220;dark&#8220; global_colors_info=&#8220;{}&#8220;]<\/p>\n<h3>Weitere Leistungen<\/h3>\n<p>[\/et_pb_text][\/et_pb_column][\/et_pb_row][et_pb_row column_structure=&#8220;1_4,1_4,1_4,1_4&#8243; use_custom_gutter=&#8220;on&#8220; gutter_width=&#8220;1&#8243; make_equal=&#8220;on&#8220; _builder_version=&#8220;4.27.4&#8243; _module_preset=&#8220;default&#8220; custom_padding=&#8220;0px||||false|false&#8220; global_colors_info=&#8220;{}&#8220;][et_pb_column type=&#8220;1_4&#8243; _builder_version=&#8220;4.27.4&#8243; _module_preset=&#8220;default&#8220; border_radii_tablet=&#8220;&#8220; border_radii_phone=&#8220;off|||20px|&#8220; border_radii_last_edited=&#8220;on|phone&#8220; global_colors_info=&#8220;{}&#8220; background__hover_enabled=&#8220;on|hover&#8220; background_color_gradient_stops__hover=&#8220;rgba(21,255,188,0.5) 0%|#15ffbc 99%&#8220; use_background_color_gradient__hover=&#8220;on&#8220; border_radii__hover_enabled=&#8220;on|desktop&#8220; border_radii__hover=&#8220;off|||40px|&#8220;][et_pb_blurb title=&#8220;UX Strategie&#8220; image=&#8220;https:\/\/birdux.studio\/wp-content\/uploads\/2025\/05\/shooting-star-thin-w.svg&#8220; _builder_version=&#8220;4.27.6&#8243; _dynamic_attributes=&#8220;link_option_url&#8220; _module_preset=&#8220;0dcf7262-3077-4d60-bbcc-77bf4a7e232f&#8220; link_option_url=&#8220;@ET-DC@eyJkeW5hbWljIjp0cnVlLCJjb250ZW50IjoicG9zdF9saW5rX3VybF9wYWdlIiwic2V0dGluZ3MiOnsicG9zdF9pZCI6IjE0NTU3In19@&#8220; hover_enabled=&#8220;0&#8243; global_module=&#8220;23854&#8243; saved_tabs=&#8220;all&#8220; global_colors_info=&#8220;{}&#8220; image__hover_enabled=&#8220;on|hover&#8220; image__hover=&#8220;https:\/\/birdux.studio\/wp-content\/uploads\/2025\/05\/shooting-star-thin.svg&#8220; animation=&#8220;off&#8220; sticky_enabled=&#8220;0&#8243;]<\/p>\n<p>Vision ist gut. Richtung ist besser. Eine UX Strategie bringt Klarheit, wo es hingehen soll und was es daf\u00fcr wirklich braucht. Wir helfen dir, UX langfristig im Unternehmen zu verankern: mit Vision, Plan und Haltung.<\/p>\n<p><strong>\u00bb UX f\u00fcr weniger Blindflug und mehr Richtung<br \/><\/strong><\/p>\n<p>[\/et_pb_blurb][\/et_pb_column][et_pb_column type=&#8220;1_4&#8243; _builder_version=&#8220;4.27.4&#8243; _module_preset=&#8220;default&#8220; border_radii_tablet=&#8220;&#8220; border_radii_phone=&#8220;off|||20px|&#8220; border_radii_last_edited=&#8220;on|phone&#8220; global_colors_info=&#8220;{}&#8220; background__hover_enabled=&#8220;on|hover&#8220; use_background_color_gradient__hover=&#8220;on&#8220; background_color_gradient_stops__hover=&#8220;rgba(21,255,188,0.5) 0%|#15ffbc 99%&#8220; border_radii__hover=&#8220;off|||40px|&#8220; border_radii__hover_enabled=&#8220;on|desktop&#8220;][et_pb_blurb title=&#8220;User Experience Design&#8220; image=&#8220;https:\/\/birdux.studio\/wp-content\/uploads\/2025\/05\/sparkle-thin-w.svg&#8220; _builder_version=&#8220;4.27.6&#8243; _dynamic_attributes=&#8220;link_option_url&#8220; _module_preset=&#8220;0dcf7262-3077-4d60-bbcc-77bf4a7e232f&#8220; link_option_url=&#8220;@ET-DC@eyJkeW5hbWljIjp0cnVlLCJjb250ZW50IjoicG9zdF9saW5rX3VybF9wYWdlIiwic2V0dGluZ3MiOnsicG9zdF9pZCI6IjE0NTc3In19@&#8220; hover_enabled=&#8220;0&#8243; global_module=&#8220;23855&#8243; saved_tabs=&#8220;all&#8220; global_colors_info=&#8220;{}&#8220; image__hover_enabled=&#8220;on|hover&#8220; image__hover=&#8220;https:\/\/birdux.studio\/wp-content\/uploads\/2025\/05\/sparkle-thin.svg&#8220; animation=&#8220;off&#8220; sticky_enabled=&#8220;0&#8243;]<\/p>\n<p>Wir gestalten digitale Erlebnisse, die funktionieren \u2013 f\u00fcr Menschen, nicht f\u00fcr Features. Gute UX reduziert Frust, st\u00e4rkt Teilhabe und bringt Projekte wirklich voran. Wir h\u00f6ren zu, denken mit und gestalten Interfaces, die klar, inklusiv und wirksam sind.<\/p>\n<p><strong>\u00bb UX f\u00fcr weniger RAGE und mehr LOVE<\/strong><\/p>\n<p>[\/et_pb_blurb][\/et_pb_column][et_pb_column type=&#8220;1_4&#8243; _builder_version=&#8220;4.27.4&#8243; _module_preset=&#8220;default&#8220; border_radii_tablet=&#8220;&#8220; border_radii_phone=&#8220;off|||20px|&#8220; border_radii_last_edited=&#8220;on|phone&#8220; global_colors_info=&#8220;{}&#8220; background__hover_enabled=&#8220;on|hover&#8220; use_background_color_gradient__hover=&#8220;on&#8220; background_color_gradient_stops__hover=&#8220;rgba(21,255,188,0.5) 0%|#15ffbc 99%&#8220; border_radii__hover=&#8220;off|||40px|&#8220; border_radii__hover_enabled=&#8220;on|desktop&#8220;][et_pb_blurb title=&#8220;Design Systeme&#8220; image=&#8220;https:\/\/birdux.studio\/wp-content\/uploads\/2025\/05\/magic-wand-thin-w.svg&#8220; _builder_version=&#8220;4.27.6&#8243; _dynamic_attributes=&#8220;link_option_url&#8220; _module_preset=&#8220;0dcf7262-3077-4d60-bbcc-77bf4a7e232f&#8220; link_option_url=&#8220;@ET-DC@eyJkeW5hbWljIjp0cnVlLCJjb250ZW50IjoicG9zdF9saW5rX3VybF9wYWdlIiwic2V0dGluZ3MiOnsicG9zdF9pZCI6IjE0NTgxIn19@&#8220; hover_enabled=&#8220;0&#8243; global_module=&#8220;23856&#8243; saved_tabs=&#8220;all&#8220; global_colors_info=&#8220;{}&#8220; image__hover_enabled=&#8220;on|hover&#8220; image__hover=&#8220;https:\/\/birdux.studio\/wp-content\/uploads\/2025\/05\/magic-wand-thin.svg&#8220; animation=&#8220;off&#8220; sticky_enabled=&#8220;0&#8243;]<\/p>\n<p>Konsistenz, Skalierbarkeit und gutes Design, endlich kein Widerspruch mehr. Design Systeme sorgen f\u00fcr Ordnung, wo vorher Wildwuchs war \u2013 in Teams, im Code und im Interface. Wir konzipieren, designen und dokumentieren Systeme, die nicht nur funktionieren, sondern Freiraum f\u00fcr echte Gestaltung lassen.<\/p>\n<p><strong>\u00bb Design f\u00fcr weniger Chaos und mehr Klarheit<br \/><\/strong><\/p>\n<p>[\/et_pb_blurb][\/et_pb_column][et_pb_column type=&#8220;1_4&#8243; _builder_version=&#8220;4.27.4&#8243; _module_preset=&#8220;default&#8220; border_radii_tablet=&#8220;&#8220; border_radii_phone=&#8220;off|||20px|&#8220; border_radii_last_edited=&#8220;on|phone&#8220; global_colors_info=&#8220;{}&#8220; background__hover_enabled=&#8220;on|hover&#8220; use_background_color_gradient__hover=&#8220;on&#8220; background_color_gradient_stops__hover=&#8220;rgba(21,255,188,0.5) 0%|#15ffbc 99%&#8220; border_radii__hover=&#8220;off|||40px|&#8220; border_radii__hover_enabled=&#8220;on|desktop&#8220;][et_pb_blurb title=&#8220;UX Evaluation&#8220; image=&#8220;https:\/\/birdux.studio\/wp-content\/uploads\/2025\/05\/shooting-star-thin-w.svg&#8220; _builder_version=&#8220;4.27.6&#8243; _dynamic_attributes=&#8220;link_option_url&#8220; _module_preset=&#8220;0dcf7262-3077-4d60-bbcc-77bf4a7e232f&#8220; link_option_url=&#8220;@ET-DC@eyJkeW5hbWljIjp0cnVlLCJjb250ZW50IjoicG9zdF9saW5rX3VybF9wYWdlIiwic2V0dGluZ3MiOnsicG9zdF9pZCI6IjI1MDEwIn19@&#8220; hover_enabled=&#8220;0&#8243; custom_css_free_form=&#8220;strong {||  font-weight: 600;||}&#8220; global_module=&#8220;26171&#8243; saved_tabs=&#8220;all&#8220; global_colors_info=&#8220;{}&#8220; image__hover_enabled=&#8220;on|hover&#8220; image__hover=&#8220;https:\/\/birdux.studio\/wp-content\/uploads\/2025\/05\/shooting-star-thin.svg&#8220; animation=&#8220;off&#8220; sticky_enabled=&#8220;0&#8243;]<\/p>\n<p>Teste, bevor&#8217;s teuer wird. Wir helfen dir, Konzepte, Prototypen oder bestehende Systeme auf den Pr\u00fcfstand zu stellen und gezielt zu verbessern.<\/p>\n<p><strong>\u00bb Mehr erfahren<br \/><\/strong><\/p>\n<p>[\/et_pb_blurb][\/et_pb_column][\/et_pb_row][\/et_pb_section]<\/p>\n","protected":false},"excerpt":{"rendered":"<p>AnforderungsanalyseVermutungen in Erkenntnisse wandeln. Gute L\u00f6sungen beginnen mit den richtigen Fragen. Deshalb starten wir mit Zuh\u00f6ren, Beobachten und Verstehen. So entstehen digitale Produkte und Services, die nicht nur funktionieren, sondern wirklichen Mehrwert bringen \u2013 f\u00fcr eure Nutzer*innen und f\u00fcr euch. Win-win!Was brauchen Nutzer*innen und Stakeholder*innen wirklich? Wir f\u00fchren Interviews, Beobachtungen oder Surveys mit echten Nutzer*innen [&hellip;]<\/p>\n","protected":false},"author":1,"featured_media":0,"parent":11559,"menu_order":0,"comment_status":"closed","ping_status":"closed","template":"","meta":{"_et_pb_use_builder":"on","_et_pb_old_content":"<!-- wp:divi\/placeholder \/-->","_et_gb_content_width":"","footnotes":""},"class_list":["post-13829","page","type-page","status-publish","hentry"],"_links":{"self":[{"href":"https:\/\/birdux.studio\/en\/wp-json\/wp\/v2\/pages\/13829","targetHints":{"allow":["GET"]}}],"collection":[{"href":"https:\/\/birdux.studio\/en\/wp-json\/wp\/v2\/pages"}],"about":[{"href":"https:\/\/birdux.studio\/en\/wp-json\/wp\/v2\/types\/page"}],"author":[{"embeddable":true,"href":"https:\/\/birdux.studio\/en\/wp-json\/wp\/v2\/users\/1"}],"replies":[{"embeddable":true,"href":"https:\/\/birdux.studio\/en\/wp-json\/wp\/v2\/comments?post=13829"}],"version-history":[{"count":2,"href":"https:\/\/birdux.studio\/en\/wp-json\/wp\/v2\/pages\/13829\/revisions"}],"predecessor-version":[{"id":27033,"href":"https:\/\/birdux.studio\/en\/wp-json\/wp\/v2\/pages\/13829\/revisions\/27033"}],"up":[{"embeddable":true,"href":"https:\/\/birdux.studio\/en\/wp-json\/wp\/v2\/pages\/11559"}],"wp:attachment":[{"href":"https:\/\/birdux.studio\/en\/wp-json\/wp\/v2\/media?parent=13829"}],"curies":[{"name":"wp","href":"https:\/\/api.w.org\/{rel}","templated":true}]}}