{"id":14557,"date":"2022-11-01T21:08:27","date_gmt":"2022-11-01T20:08:27","guid":{"rendered":"http:\/\/neu.thegeekettez.com\/?page_id=14557"},"modified":"2025-06-23T14:31:57","modified_gmt":"2025-06-23T12:31:57","slug":"ux-strategy","status":"publish","type":"page","link":"https:\/\/birdux.studio\/en\/leistungen\/ux-strategie\/","title":{"rendered":"UX Strategy"},"content":{"rendered":"<p>[et_pb_section fb_built=&#8220;1&#8243; _builder_version=&#8220;4.21.0&#8243; _module_preset=&#8220;default&#8220; locked=&#8220;off&#8220; global_colors_info=&#8220;{}&#8220;][et_pb_row _builder_version=&#8220;4.27.4&#8243; _module_preset=&#8220;default&#8220; global_colors_info=&#8220;{}&#8220;][et_pb_column type=&#8220;4_4&#8243; _builder_version=&#8220;4.19.2&#8243; _module_preset=&#8220;default&#8220; global_colors_info=&#8220;{}&#8220;][et_pb_text module_class=&#8220;topline&#8220; _builder_version=&#8220;4.27.4&#8243; _module_preset=&#8220;default&#8220; locked=&#8220;off&#8220; global_colors_info=&#8220;{}&#8220;]<\/p>\n<p>UX Strategie<\/p>\n<p>[\/et_pb_text][et_pb_text admin_label=&#8220;H1&#8243; _builder_version=&#8220;4.27.4&#8243; _module_preset=&#8220;default&#8220; global_colors_info=&#8220;{}&#8220;]<\/p>\n<h1>Eine gute Vision braucht einen Plan.<\/h1>\n<p>[\/et_pb_text][et_pb_text admin_label=&#8220;Zukunftsf\u00e4hige Gesch\u00e4ftsmodelle&#8230;&#8220; _builder_version=&#8220;4.27.4&#8243; _module_preset=&#8220;4dcbf21a-5831-4278-86ea-908ad1a6eba1&#8243; global_colors_info=&#8220;{}&#8220;]<\/p>\n<h3>Zukunftsf\u00e4hige Produkte entstehen nicht zuf\u00e4llig. Sie entstehen, wenn klar ist, wohin die Reise gehen soll  und wie man sich unterwegs nicht verl\u00e4uft. Genau das leistet eine UX Strategie: Sie bringt Gesch\u00e4ftsziele, Nutzerbed\u00fcrfnisse und Designprozesse zu einem realistischen, tragf\u00e4higen Plan zusammen.<\/h3>\n<p>[\/et_pb_text][\/et_pb_column][\/et_pb_row][\/et_pb_section][et_pb_section fb_built=&#8220;1&#8243; _builder_version=&#8220;4.21.0&#8243; _module_preset=&#8220;default&#8220; locked=&#8220;off&#8220; global_colors_info=&#8220;{}&#8220;][et_pb_row module_class=&#8220;leistung&#8220; _builder_version=&#8220;4.27.4&#8243; _module_preset=&#8220;default&#8220; custom_padding=&#8220;0px||||false|false&#8220; global_colors_info=&#8220;{}&#8220;][et_pb_column type=&#8220;4_4&#8243; _builder_version=&#8220;4.19.2&#8243; _module_preset=&#8220;default&#8220; global_colors_info=&#8220;{}&#8220;][et_pb_text admin_label=&#8220;Eine UX Strategie beantwortet die Frage&#8230;&#8220; _builder_version=&#8220;4.27.4&#8243; _module_preset=&#8220;default&#8220; hover_enabled=&#8220;0&#8243; global_colors_info=&#8220;{}&#8220; sticky_enabled=&#8220;0&#8243;]<\/p>\n<h4>Vorteile einer UX Strategie<\/h4>\n<p><span style=\"font-weight: 400;\">Viele Unternehmen haben eine Idee davon, wie ihre Nutzer*innen sich f\u00fchlen sollen \u2013 zufrieden, inspiriert, loyal. Doch wie genau kommt man dorthin? Welche Schritte, Prozesse, Prinzipien und Priorit\u00e4ten braucht es? Welche Zwischenziele weisen den Weg zur Vision?<\/span><span style=\"font-weight: 400;\"><br \/><\/span><span style=\"font-weight: 400;\">Hier setzt UX Strategie an. Sie beantwortet drei zentrale Fragen:<\/span><\/p>\n<ul>\n<li style=\"font-weight: 400;\" aria-level=\"1\"><span style=\"font-weight: 400;\">Wo stehen wir gerade?<\/span><\/li>\n<li style=\"font-weight: 400;\" aria-level=\"1\"><span style=\"font-weight: 400;\">Wo wollen wir hin?<\/span><\/li>\n<li style=\"font-weight: 400;\" aria-level=\"1\"><span style=\"font-weight: 400;\">Und was m\u00fcssen wir tun, um dort anzukommen?<\/span><\/li>\n<\/ul>\n<p><span style=\"font-weight: 400;\">Sie liefert keine Checkliste, sondern einen \u201eNorth Star\u201c, der Orientierung gibt, f\u00fcr Entscheidungen, f\u00fcr Projekte, f\u00fcr Teams.<\/span><\/p>\n<p><b>Was wir gemeinsam entwickeln<\/b><\/p>\n<p><span style=\"font-weight: 400;\">Wir unterst\u00fctzen euch dabei, UX strategisch im Unternehmen zu verankern \u2013 statt nur punktuell in Projekten zu denken. Daf\u00fcr kombinieren wir Research, Analyse, Strategieentwicklung und Moderation:<\/span><\/p>\n<ul>\n<li aria-level=\"1\"><b>UX Vision: <\/b><span style=\"font-weight: 400;\">Wie soll euer Produkt oder Service idealerweise erlebt und erinnert werden?<\/span><\/li>\n<li aria-level=\"1\"><b>Design-Prinzipien &amp; Werte: <\/b><span style=\"font-weight: 400;\">Was leitet euch? Was ist euch als Marke, als Organisation, als Team wichtig?<\/span><\/li>\n<li aria-level=\"1\"><b>Analyse &amp; Einordnung: <\/b><span style=\"font-weight: 400;\">Was sind eure St\u00e4rken, Schw\u00e4chen, Chancen und Risiken? Wie steht ihr im Wettbewerb da?<\/span><\/li>\n<li aria-level=\"1\"><b>Ziele &amp; Roadmap: <\/b><span style=\"font-weight: 400;\">Welche langfristigen Ziele verfolgt ihr? Welche Etappen f\u00fchren dorthin und wie priorisieren wir sie?<\/span><\/li>\n<li aria-level=\"1\"><b>UX-Prozesse &amp; Rollen: <\/b><span style=\"font-weight: 400;\">Wie l\u00e4sst sich nutzerzentriertes Arbeiten in eurer Organisation dauerhaft verankern?<\/span><\/li>\n<\/ul>\n<ul><\/ul>\n<ul><\/ul>\n<ul><\/ul>\n<p><b><\/b><\/p>\n<p><b>Wie das in der Praxis aussehen kann<\/b><\/p>\n<ul>\n<li aria-level=\"1\"><b>F\u00fcr Medienh\u00e4user: <\/b><span style=\"font-weight: 400;\">Eine klare UX Vision, die Inhalte, Plattformen und Redaktionen verbindet, statt siloartiger Einzell\u00f6sungen.<\/span><\/li>\n<li aria-level=\"1\"><b>F\u00fcr Industrieunternehmen: <\/b><span style=\"font-weight: 400;\">Ein strategischer UX-Rahmen, der weltweit verteilte Teams auf gemeinsame Ziele und Standards einschw\u00f6rt.<\/span><\/li>\n<li aria-level=\"1\"><b>F\u00fcr Bildungseinrichtungen: <\/b><span style=\"font-weight: 400;\">Eine strategische Klammer, die Nutzungsvielfalt abbildet und nachhaltige Standards f\u00fcr inklusive, nutzerfreundliche digitale Lernangebote schafft.<\/span><\/li>\n<li aria-level=\"1\"><b>F\u00fcr NGOs: <\/b><span style=\"font-weight: 400;\">Eine UX Strategie, die Wirkung in den Mittelpunkt stellt und Tools, Prozesse und Kommunikation daran ausrichtet.<\/span><\/li>\n<\/ul>\n<ul><\/ul>\n<ul><\/ul>\n<ul><\/ul>\n<h4>UX Strategie ist Hilfe zur Selbsthilfe<\/h4>\n<p><span style=\"font-weight: 400;\">Unsere Strategiearbeit ist kein Beratungsprodukt \u201evon au\u00dfen\u201c, sondern ein gemeinsamer Prozess.<\/span><span style=\"font-weight: 400;\"><br \/><\/span><span style=\"font-weight: 400;\">Wir bringen Struktur, Methoden und Erfahrung. Ihr bringt euer Wissen \u00fcber eure Organisation, eure Ziele und eure Nutzer*innen ein. Gemeinsam bauen wir das Fundament f\u00fcr UX, das nicht nur kurzfristig funktioniert, sondern langfristig tr\u00e4gt.<\/span><\/p>\n<p>[\/et_pb_text][\/et_pb_column][\/et_pb_row][\/et_pb_section][et_pb_section fb_built=&#8220;1&#8243; _builder_version=&#8220;4.27.4&#8243; _module_preset=&#8220;daaab1ea-6eab-4b32-b2b9-7e77420a314d&#8220; global_module=&#8220;24030&#8243; saved_tabs=&#8220;all&#8220; locked=&#8220;off&#8220; global_colors_info=&#8220;{}&#8220;][et_pb_row _builder_version=&#8220;4.27.4&#8243; _module_preset=&#8220;default&#8220; custom_padding=&#8220;40px||40px||false|false&#8220; global_colors_info=&#8220;{}&#8220;][et_pb_column type=&#8220;4_4&#8243; _builder_version=&#8220;4.27.4&#8243; _module_preset=&#8220;default&#8220; global_colors_info=&#8220;{}&#8220;][et_pb_text _builder_version=&#8220;4.27.4&#8243; _dynamic_attributes=&#8220;content&#8220; _module_preset=&#8220;default&#8220; global_colors_info=&#8220;{}&#8220;]@ET-DC@eyJkeW5hbWljIjp0cnVlLCJjb250ZW50IjoicG9zdF90aXRsZSIsInNldHRpbmdzIjp7ImJlZm9yZSI6IjxoMz5BcnRpa2VsIFx1MDBmY2JlciAiLCJhZnRlciI6IjwvaDM+In19@[\/et_pb_text][\/et_pb_column][\/et_pb_row][\/et_pb_section][et_pb_section fb_built=&#8220;1&#8243; _builder_version=&#8220;4.27.4&#8243; _module_preset=&#8220;default&#8220; custom_padding=&#8220;0px|0px|0px|0px|false|false&#8220; locked=&#8220;off&#8220; global_colors_info=&#8220;{}&#8220;][et_pb_row _builder_version=&#8220;4.27.4&#8243; _module_preset=&#8220;default&#8220; custom_margin=&#8220;||||false|false&#8220; custom_padding=&#8220;0px|0px|0px|0px|false|false&#8220; global_colors_info=&#8220;{}&#8220;][et_pb_column type=&#8220;4_4&#8243; _builder_version=&#8220;4.27.4&#8243; _module_preset=&#8220;default&#8220; global_colors_info=&#8220;{}&#8220;][et_pb_blog posts_number=&#8220;4&#8243; include_categories=&#8220;122&#8243; meta_date=&#8220;j. M Y&#8220; show_thumbnail=&#8220;off&#8220; use_manual_excerpt=&#8220;off&#8220; show_categories=&#8220;off&#8220; module_class=&#8220;related_articles_list&#8220; _builder_version=&#8220;4.27.4&#8243; _module_preset=&#8220;default&#8220; header_level=&#8220;h6&#8243; global_colors_info=&#8220;{}&#8220;][\/et_pb_blog][\/et_pb_column][\/et_pb_row][\/et_pb_section][et_pb_section fb_built=&#8220;1&#8243; admin_label=&#8220;Sektion&#8220; _builder_version=&#8220;4.27.4&#8243; _module_preset=&#8220;8d3f797a-b5b7-4662-8f8a-a5574fa036b1&#8243; global_module=&#8220;24033&#8243; saved_tabs=&#8220;all&#8220; locked=&#8220;off&#8220; global_colors_info=&#8220;{}&#8220;][et_pb_row _builder_version=&#8220;4.27.4&#8243; _module_preset=&#8220;default&#8220; custom_padding=&#8220;40px||40px||false|false&#8220; global_colors_info=&#8220;{}&#8220;][et_pb_column type=&#8220;4_4&#8243; _builder_version=&#8220;4.27.4&#8243; _module_preset=&#8220;default&#8220; global_colors_info=&#8220;{}&#8220;][et_pb_text _builder_version=&#8220;4.27.4&#8243; _dynamic_attributes=&#8220;content&#8220; _module_preset=&#8220;default&#8220; global_colors_info=&#8220;{}&#8220;]@ET-DC@eyJkeW5hbWljIjp0cnVlLCJjb250ZW50IjoicG9zdF90aXRsZSIsInNldHRpbmdzIjp7ImJlZm9yZSI6IjxoMz4iLCJhZnRlciI6IiBDYXNlIFN0dWRpZXM8L2gzPiJ9fQ==@[\/et_pb_text][\/et_pb_column][\/et_pb_row][\/et_pb_section][et_pb_section fb_built=&#8220;1&#8243; admin_label=&#8220;Sektion&#8220; _builder_version=&#8220;4.27.4&#8243; _module_preset=&#8220;default&#8220; custom_padding=&#8220;0px||0px|||&#8220; locked=&#8220;off&#8220; global_colors_info=&#8220;{}&#8220;][et_pb_row _builder_version=&#8220;4.27.4&#8243; _module_preset=&#8220;default&#8220; custom_margin=&#8220;||||false|false&#8220; custom_padding=&#8220;0px|0px|0px|0px|false|false&#8220; locked=&#8220;off&#8220; global_colors_info=&#8220;{}&#8220;][et_pb_column type=&#8220;4_4&#8243; _builder_version=&#8220;4.27.4&#8243; _module_preset=&#8220;default&#8220; global_colors_info=&#8220;{}&#8220;][et_pb_portfolio include_categories=&#8220;109&#8243; show_pagination=&#8220;off&#8220; admin_label=&#8220;Portfolio&#8220; module_class=&#8220;related_casestudies_list&#8220; _builder_version=&#8220;4.27.4&#8243; _module_preset=&#8220;default&#8220; title_level=&#8220;h4&#8243; global_colors_info=&#8220;{}&#8220;][\/et_pb_portfolio][\/et_pb_column][\/et_pb_row][\/et_pb_section][et_pb_section fb_built=&#8220;1&#8243; admin_label=&#8220;C 3.0 &#8211; General Contact CTA&#8220; _builder_version=&#8220;4.27.4&#8243; _module_preset=&#8220;default&#8220; background_color=&#8220;#FDC5F6&#8243; saved_tabs=&#8220;all&#8220; locked=&#8220;off&#8220; global_colors_info=&#8220;{}&#8220;][et_pb_row _builder_version=&#8220;4.19.4&#8243; _module_preset=&#8220;default&#8220; global_colors_info=&#8220;{}&#8220;][et_pb_column type=&#8220;4_4&#8243; _builder_version=&#8220;4.19.4&#8243; _module_preset=&#8220;default&#8220; custom_padding=&#8220;||||false|false&#8220; custom_padding_tablet=&#8220;|25%|||false|false&#8220; custom_padding_phone=&#8220;|0%|||false|false&#8220; custom_padding_last_edited=&#8220;on|desktop&#8220; global_colors_info=&#8220;{}&#8220;][et_pb_text _builder_version=&#8220;4.20.2&#8243; _module_preset=&#8220;default&#8220; global_colors_info=&#8220;{}&#8220;]<\/p>\n<h2>Zusammen zu deiner UX Vision<\/h2>\n<p>[\/et_pb_text][et_pb_text _builder_version=&#8220;4.27.4&#8243; _module_preset=&#8220;default&#8220; global_colors_info=&#8220;{}&#8220;]<\/p>\n<h3>Hier gibt es nix von der Stange: Jedes Projekt und jeder Bedarf ist anders. Ruf uns an oder schreib uns. Wir bieten gerne ein unverbindliches erstes Gespr\u00e4ch zum Kennenlernen und freuen uns auf dich und dein Anliegen!<\/h3>\n<p>[\/et_pb_text][et_pb_button button_url=&#8220;https:\/\/cal.meetergo.com\/birdux&#8220; button_text=&#8220;Jetzt kostenloses Erstgespr\u00e4ch vereinbaren&#8220; _builder_version=&#8220;4.27.4&#8243; _module_preset=&#8220;default&#8220; global_colors_info=&#8220;{}&#8220; custom_css_main_element_last_edited=&#8220;on|phone&#8220; custom_css_main_element_tablet=&#8220;max-width: 320px;\t&#8220; custom_css_main_element_phone=&#8220;max-width: 320px;\t&#8222;][\/et_pb_button][\/et_pb_column][\/et_pb_row][\/et_pb_section][et_pb_section fb_built=&#8220;1&#8243; admin_label=&#8220;T 3.1 &#8211; Crosslink Leiste &#8211; Services &#8220; _builder_version=&#8220;4.27.4&#8243; _module_preset=&#8220;default&#8220; background_color=&#8220;#101010&#8243; locked=&#8220;off&#8220; global_colors_info=&#8220;{}&#8220;][et_pb_row _builder_version=&#8220;4.27.4&#8243; _module_preset=&#8220;default&#8220; custom_padding=&#8220;||0px|||&#8220; global_colors_info=&#8220;{}&#8220;][et_pb_column type=&#8220;4_4&#8243; _builder_version=&#8220;4.27.4&#8243; _module_preset=&#8220;default&#8220; global_colors_info=&#8220;{}&#8220;][et_pb_text _builder_version=&#8220;4.27.4&#8243; _module_preset=&#8220;default&#8220; background_layout=&#8220;dark&#8220; global_colors_info=&#8220;{}&#8220;]<\/p>\n<h3>Weitere Services <\/h3>\n<p>[\/et_pb_text][\/et_pb_column][\/et_pb_row][et_pb_row column_structure=&#8220;1_4,1_4,1_4,1_4&#8243; use_custom_gutter=&#8220;on&#8220; gutter_width=&#8220;1&#8243; make_equal=&#8220;on&#8220; _builder_version=&#8220;4.27.4&#8243; _module_preset=&#8220;default&#8220; custom_padding=&#8220;0px||||false|false&#8220; global_colors_info=&#8220;{}&#8220;][et_pb_column type=&#8220;1_4&#8243; _builder_version=&#8220;4.27.4&#8243; _module_preset=&#8220;default&#8220; border_radii_tablet=&#8220;&#8220; border_radii_phone=&#8220;off|||20px|&#8220; border_radii_last_edited=&#8220;on|phone&#8220; global_colors_info=&#8220;{}&#8220; background__hover_enabled=&#8220;on|hover&#8220; background_color_gradient_stops__hover=&#8220;rgba(21,255,188,0.5) 0%|#15ffbc 99%&#8220; use_background_color_gradient__hover=&#8220;on&#8220; border_radii__hover_enabled=&#8220;on|desktop&#8220; border_radii__hover=&#8220;off|||40px|&#8220;][et_pb_blurb title=&#8220;Anforderungsanalyse&#8220; image=&#8220;https:\/\/birdux.studio\/wp-content\/uploads\/2025\/05\/list-star-thin-w.svg&#8220; _builder_version=&#8220;4.27.4&#8243; _dynamic_attributes=&#8220;link_option_url&#8220; _module_preset=&#8220;0dcf7262-3077-4d60-bbcc-77bf4a7e232f&#8220; link_option_url=&#8220;@ET-DC@eyJkeW5hbWljIjp0cnVlLCJjb250ZW50IjoicG9zdF9saW5rX3VybF9wYWdlIiwic2V0dGluZ3MiOnsicG9zdF9pZCI6IjEzODI5In19@&#8220; global_module=&#8220;23853&#8243; saved_tabs=&#8220;all&#8220; global_colors_info=&#8220;{}&#8220; image__hover_enabled=&#8220;on|desktop&#8220; image__hover=&#8220;https:\/\/birdux.studio\/wp-content\/uploads\/2025\/05\/list-star-thin.svg&#8220;]<\/p>\n<p>Mit echten Insights zu mehr Klarheit und weniger Bauchgef\u00fchl.\u00a0 Wir analysieren, was Dein Projekt wirklich braucht. Das Ergebnis: belastbare Anforderungen, klare Priorit\u00e4ten und fundierte Grundlagen f\u00fcr digitale Produkte, die wirklich wirken.<\/p>\n<p><strong>\u00bb Analyse f\u00fcr mehr Relevanz<br \/><\/strong><\/p>\n<p>[\/et_pb_blurb][\/et_pb_column][et_pb_column type=&#8220;1_4&#8243; _builder_version=&#8220;4.27.4&#8243; _module_preset=&#8220;default&#8220; border_radii_tablet=&#8220;&#8220; border_radii_phone=&#8220;off|||20px|&#8220; border_radii_last_edited=&#8220;on|phone&#8220; global_colors_info=&#8220;{}&#8220; background__hover_enabled=&#8220;on|hover&#8220; use_background_color_gradient__hover=&#8220;on&#8220; background_color_gradient_stops__hover=&#8220;rgba(21,255,188,0.5) 0%|#15ffbc 99%&#8220; border_radii__hover=&#8220;off|||40px|&#8220; border_radii__hover_enabled=&#8220;on|desktop&#8220;][et_pb_blurb title=&#8220;User Experience Design&#8220; image=&#8220;https:\/\/birdux.studio\/wp-content\/uploads\/2025\/05\/sparkle-thin-w.svg&#8220; _builder_version=&#8220;4.27.4&#8243; _dynamic_attributes=&#8220;link_option_url&#8220; _module_preset=&#8220;0dcf7262-3077-4d60-bbcc-77bf4a7e232f&#8220; link_option_url=&#8220;@ET-DC@eyJkeW5hbWljIjp0cnVlLCJjb250ZW50IjoicG9zdF9saW5rX3VybF9wYWdlIiwic2V0dGluZ3MiOnsicG9zdF9pZCI6IjE0NTc3In19@&#8220; global_module=&#8220;23855&#8243; saved_tabs=&#8220;all&#8220; global_colors_info=&#8220;{}&#8220; image__hover_enabled=&#8220;on|hover&#8220; image__hover=&#8220;https:\/\/birdux.studio\/wp-content\/uploads\/2025\/05\/sparkle-thin.svg&#8220;]<\/p>\n<p>Wir gestalten digitale Erlebnisse, die funktionieren \u2013 f\u00fcr Menschen, nicht f\u00fcr Features. Gute UX reduziert Frust, st\u00e4rkt Teilhabe und bringt Projekte wirklich voran. Wir h\u00f6ren zu, denken mit und gestalten Interfaces, die klar, inklusiv und wirksam sind.<\/p>\n<p><strong>\u00bb UX f\u00fcr weniger RAGE und mehr LOVE<\/strong><\/p>\n<p>[\/et_pb_blurb][\/et_pb_column][et_pb_column type=&#8220;1_4&#8243; _builder_version=&#8220;4.27.4&#8243; _module_preset=&#8220;default&#8220; border_radii_tablet=&#8220;&#8220; border_radii_phone=&#8220;off|||20px|&#8220; border_radii_last_edited=&#8220;on|phone&#8220; global_colors_info=&#8220;{}&#8220; background__hover_enabled=&#8220;on|hover&#8220; use_background_color_gradient__hover=&#8220;on&#8220; background_color_gradient_stops__hover=&#8220;rgba(21,255,188,0.5) 0%|#15ffbc 99%&#8220; border_radii__hover=&#8220;off|||40px|&#8220; border_radii__hover_enabled=&#8220;on|desktop&#8220;][et_pb_blurb title=&#8220;Design Systeme&#8220; image=&#8220;https:\/\/birdux.studio\/wp-content\/uploads\/2025\/05\/magic-wand-thin-w.svg&#8220; _builder_version=&#8220;4.27.4&#8243; _dynamic_attributes=&#8220;link_option_url&#8220; _module_preset=&#8220;0dcf7262-3077-4d60-bbcc-77bf4a7e232f&#8220; link_option_url=&#8220;@ET-DC@eyJkeW5hbWljIjp0cnVlLCJjb250ZW50IjoicG9zdF9saW5rX3VybF9wYWdlIiwic2V0dGluZ3MiOnsicG9zdF9pZCI6IjE0NTgxIn19@&#8220; global_module=&#8220;23856&#8243; saved_tabs=&#8220;all&#8220; global_colors_info=&#8220;{}&#8220; image__hover_enabled=&#8220;on|hover&#8220; image__hover=&#8220;https:\/\/birdux.studio\/wp-content\/uploads\/2025\/05\/magic-wand-thin.svg&#8220;]<\/p>\n<p>Konsistenz, Skalierbarkeit und gutes Design, endlich kein Widerspruch mehr. Design Systeme sorgen f\u00fcr Ordnung, wo vorher Wildwuchs war \u2013 in Teams, im Code und im Interface. Wir konzipieren, designen und dokumentieren Systeme, die nicht nur funktionieren, sondern Freiraum f\u00fcr echte Gestaltung lassen.<\/p>\n<p><strong>\u00bb Design f\u00fcr weniger Chaos und mehr Klarheit<br \/><\/strong><\/p>\n<p>[\/et_pb_blurb][\/et_pb_column][et_pb_column type=&#8220;1_4&#8243; _builder_version=&#8220;4.27.4&#8243; _module_preset=&#8220;default&#8220; border_radii_tablet=&#8220;&#8220; border_radii_phone=&#8220;off|||20px|&#8220; border_radii_last_edited=&#8220;on|phone&#8220; global_colors_info=&#8220;{}&#8220; background__hover_enabled=&#8220;on|hover&#8220; use_background_color_gradient__hover=&#8220;on&#8220; background_color_gradient_stops__hover=&#8220;rgba(21,255,188,0.5) 0%|#15ffbc 99%&#8220; border_radii__hover=&#8220;off|||40px|&#8220; border_radii__hover_enabled=&#8220;on|desktop&#8220;][et_pb_blurb title=&#8220;UX Evaluation&#8220; image=&#8220;https:\/\/birdux.studio\/wp-content\/uploads\/2025\/05\/shooting-star-thin-w.svg&#8220; _builder_version=&#8220;4.27.4&#8243; _dynamic_attributes=&#8220;link_option_url&#8220; _module_preset=&#8220;0dcf7262-3077-4d60-bbcc-77bf4a7e232f&#8220; link_option_url=&#8220;@ET-DC@eyJkeW5hbWljIjp0cnVlLCJjb250ZW50IjoicG9zdF9saW5rX3VybF9wYWdlIiwic2V0dGluZ3MiOnsicG9zdF9pZCI6IjI1MDEwIn19@&#8220; custom_css_free_form=&#8220;strong {||  font-weight: 600;||}&#8220; global_module=&#8220;26171&#8243; saved_tabs=&#8220;all&#8220; global_colors_info=&#8220;{}&#8220; image__hover_enabled=&#8220;on|hover&#8220; image__hover=&#8220;https:\/\/birdux.studio\/wp-content\/uploads\/2025\/05\/shooting-star-thin.svg&#8220;]<\/p>\n<p>Teste, bevor&#8217;s teuer wird. Wir helfen dir, Konzepte, Prototypen oder bestehende Systeme auf den Pr\u00fcfstand zu stellen und gezielt zu verbessern.<\/p>\n<p><strong>\u00bb Mehr erfahren<br \/>\n<\/strong><\/p>\n<p>[\/et_pb_blurb][\/et_pb_column][\/et_pb_row][\/et_pb_section]<\/p>\n","protected":false},"excerpt":{"rendered":"<p>UX StrategieEine gute Vision braucht einen Plan.Zukunftsf\u00e4hige Produkte entstehen nicht zuf\u00e4llig. Sie entstehen, wenn klar ist, wohin die Reise gehen soll und wie man sich unterwegs nicht verl\u00e4uft. Genau das leistet eine UX Strategie: Sie bringt Gesch\u00e4ftsziele, Nutzerbed\u00fcrfnisse und Designprozesse zu einem realistischen, tragf\u00e4higen Plan zusammen.Vorteile einer UX Strategie Viele Unternehmen haben eine Idee davon, [&hellip;]<\/p>\n","protected":false},"author":1,"featured_media":0,"parent":11559,"menu_order":0,"comment_status":"closed","ping_status":"closed","template":"","meta":{"_et_pb_use_builder":"on","_et_pb_old_content":"<!-- wp:divi\/placeholder \/-->","_et_gb_content_width":"","footnotes":""},"class_list":["post-14557","page","type-page","status-publish","hentry"],"_links":{"self":[{"href":"https:\/\/birdux.studio\/en\/wp-json\/wp\/v2\/pages\/14557","targetHints":{"allow":["GET"]}}],"collection":[{"href":"https:\/\/birdux.studio\/en\/wp-json\/wp\/v2\/pages"}],"about":[{"href":"https:\/\/birdux.studio\/en\/wp-json\/wp\/v2\/types\/page"}],"author":[{"embeddable":true,"href":"https:\/\/birdux.studio\/en\/wp-json\/wp\/v2\/users\/1"}],"replies":[{"embeddable":true,"href":"https:\/\/birdux.studio\/en\/wp-json\/wp\/v2\/comments?post=14557"}],"version-history":[{"count":0,"href":"https:\/\/birdux.studio\/en\/wp-json\/wp\/v2\/pages\/14557\/revisions"}],"up":[{"embeddable":true,"href":"https:\/\/birdux.studio\/en\/wp-json\/wp\/v2\/pages\/11559"}],"wp:attachment":[{"href":"https:\/\/birdux.studio\/en\/wp-json\/wp\/v2\/media?parent=14557"}],"curies":[{"name":"wp","href":"https:\/\/api.w.org\/{rel}","templated":true}]}}