{"id":14581,"date":"2022-11-01T21:23:50","date_gmt":"2022-11-01T20:23:50","guid":{"rendered":"http:\/\/neu.thegeekettez.com\/?page_id=14581"},"modified":"2025-06-23T15:30:07","modified_gmt":"2025-06-23T13:30:07","slug":"design-systems","status":"publish","type":"page","link":"https:\/\/birdux.studio\/en\/leistungen\/design-systeme\/","title":{"rendered":"Design Systems"},"content":{"rendered":"<p>[et_pb_section fb_built=&#8220;1&#8243; _builder_version=&#8220;4.21.0&#8243; _module_preset=&#8220;default&#8220; global_colors_info=&#8220;{}&#8220;][et_pb_row _builder_version=&#8220;4.27.4&#8243; _module_preset=&#8220;default&#8220; global_colors_info=&#8220;{}&#8220;][et_pb_column type=&#8220;4_4&#8243; _builder_version=&#8220;4.19.2&#8243; _module_preset=&#8220;default&#8220; global_colors_info=&#8220;{}&#8220;][et_pb_text module_class=&#8220;topline&#8220; _builder_version=&#8220;4.27.4&#8243; _module_preset=&#8220;default&#8220; global_colors_info=&#8220;{}&#8220;]<\/p>\n<p>Design Systeme<\/p>\n<p>[\/et_pb_text][et_pb_text admin_label=&#8220;Titel&#8220; _builder_version=&#8220;4.27.4&#8243; _module_preset=&#8220;default&#8220; global_colors_info=&#8220;{}&#8220;]<\/p>\n<h1>Ein System, viele L\u00f6sungen <\/h1>\n<p>[\/et_pb_text][et_pb_text _builder_version=&#8220;4.27.4&#8243; _module_preset=&#8220;4dcbf21a-5831-4278-86ea-908ad1a6eba1&#8243; global_colors_info=&#8220;{}&#8220;]<\/p>\n<h3>Design Systeme bringen Ordnung ins Chaos und bringen Funktionalit\u00e4t und Design in Einklang, ohne dabei langweilig zu werden.<\/h3>\n<p>[\/et_pb_text][\/et_pb_column][\/et_pb_row][et_pb_row module_class=&#8220;leistung&#8220; _builder_version=&#8220;4.27.4&#8243; _module_preset=&#8220;default&#8220; custom_padding=&#8220;0px||||false|false&#8220; global_colors_info=&#8220;{}&#8220;][et_pb_column type=&#8220;4_4&#8243; _builder_version=&#8220;4.19.2&#8243; _module_preset=&#8220;default&#8220; global_colors_info=&#8220;{}&#8220;][et_pb_text _builder_version=&#8220;4.27.4&#8243; _module_preset=&#8220;default&#8220; global_colors_info=&#8220;{}&#8220;]<\/p>\n<h4>Warum Design Systeme?<\/h4>\n<p>[\/et_pb_text][et_pb_text _builder_version=&#8220;4.27.4&#8243; _module_preset=&#8220;default&#8220; global_colors_info=&#8220;{}&#8220;]<\/p>\n<p>Weil Copy-Paste kein Konzept ist. Und weil digitale Produkte skalieren, aber nur, wenn auch die Gestaltung mitkommt. Design Systeme schaffen Klarheit, Konsistenz und Geschwindigkeit. Sie entfernen damit Unsicherheiten und Unvorhersehbares und schaffen Erwartbarkeit und damit Vertrauen. F\u00fcr alle, die gestalten, entwickeln oder Entscheidungen treffen. Und f\u00fcr die Nutzer*innen, die sich einfach nur fragen: Wo muss ich klicken?<\/p>\n<p>[\/et_pb_text][et_pb_text _builder_version=&#8220;4.27.4&#8243; _module_preset=&#8220;default&#8220; global_colors_info=&#8220;{}&#8220;]<\/p>\n<h4>Ein System ist mehr als ein Styleguide<\/h4>\n<p>[\/et_pb_text][et_pb_text _builder_version=&#8220;4.27.4&#8243; _module_preset=&#8220;default&#8220; hover_enabled=&#8220;0&#8243; global_colors_info=&#8220;{}&#8220; sticky_enabled=&#8220;0&#8243;]<\/p>\n<p>Unsere Design Systeme sind keine PDFs zum Verstauben, sondern lebendige Werkzeuge. Wir denken in Komponenten, Zust\u00e4nden, Regeln und Beziehungen \u2013 nicht in Pixeln. Wir helfen euch, Strukturen zu schaffen, die wachsen d\u00fcrfen: visuell, technisch, organisatorisch.<\/p>\n<p><strong>Wie Design Systeme in der Praxis helfen<\/strong><\/p>\n<ul>\n<li><strong>F\u00fcr Medienh\u00e4user:<\/strong> Ein Design System hilft, Inhalte konsistent \u00fcber Formate und Plattformen hinweg auszuspielen, egal ob Webseite, Newsletter, App oder Print-Bridge.<\/li>\n<li><strong>F\u00fcr Industrieunternehmen:<\/strong> Ein zentrales System stellt sicher, dass auch weltweit verteilte Teams auf einer gemeinsamen gestalterischen Sprache arbeiten \u2013 effizient, zug\u00e4nglich, wartbar.<\/li>\n<li><strong>F\u00fcr Bildungseinrichtungen:<\/strong> Ein Design System schafft Konsistenz \u00fcber diverse digitale Angebote hinweg, vom Kursbuchungssystem bis zur Lernplattform. Es erm\u00f6glicht barrierearme Interfaces, verst\u00e4ndliche Nutzerf\u00fchrung und eine visuelle Sprache, die Vertrauen schafft, auch bei heterogenen Zielgruppen wie Sch\u00fcler*innen, Studierenden, Eltern oder Verwaltungsmitarbeitenden.<\/li>\n<li><strong>F\u00fcr NGOs:<\/strong> Ein gutes System erm\u00f6glicht Teilhabe durch klare UX Patterns, barrierearme Komponenten und einen Stil, der Vertrauen schafft, nicht nur optisch, sondern auch durchdacht in der Funktion.<\/li>\n<\/ul>\n<p>[\/et_pb_text][et_pb_text _builder_version=&#8220;4.27.4&#8243; _module_preset=&#8220;default&#8220; global_colors_info=&#8220;{}&#8220;]<\/p>\n<h4>Gestaltung, die Freiraum l\u00e4sst<\/h4>\n<p>[\/et_pb_text][et_pb_text _builder_version=&#8220;4.27.4&#8243; _module_preset=&#8220;default&#8220; global_colors_info=&#8220;{}&#8220;]<\/p>\n<p>Design Systeme sind keine kreativen Fesseln, sondern eine gemeinsame B\u00fchne. Sie schaffen Orientierung, ohne Einheitsbrei zu produzieren. Und sie entlasten: Teams m\u00fcssen nicht alles neu erfinden, sondern k\u00f6nnen sich auf das konzentrieren, was z\u00e4hlt, Inhalte, Beziehungen, Wirkung.<\/p>\n<p>Und ja: Nat\u00fcrlich bauen wir nicht einfach ein System und schmei\u00dfen euch damit ins kalte Wasser. Wir denken mit euch mit, von der Dokumentation bis zur Governance. Damit euer System nicht nur gut aussieht, sondern auch langfristig lebt.<\/p>\n<p>[\/et_pb_text][\/et_pb_column][\/et_pb_row][\/et_pb_section][et_pb_section fb_built=&#8220;1&#8243; _builder_version=&#8220;4.27.4&#8243; _module_preset=&#8220;daaab1ea-6eab-4b32-b2b9-7e77420a314d&#8220; global_module=&#8220;24030&#8243; saved_tabs=&#8220;all&#8220; locked=&#8220;off&#8220; global_colors_info=&#8220;{}&#8220;][et_pb_row _builder_version=&#8220;4.27.4&#8243; _module_preset=&#8220;default&#8220; custom_padding=&#8220;40px||40px||false|false&#8220; global_colors_info=&#8220;{}&#8220;][et_pb_column type=&#8220;4_4&#8243; _builder_version=&#8220;4.27.4&#8243; _module_preset=&#8220;default&#8220; global_colors_info=&#8220;{}&#8220;][et_pb_text _builder_version=&#8220;4.27.4&#8243; _dynamic_attributes=&#8220;content&#8220; _module_preset=&#8220;default&#8220; global_colors_info=&#8220;{}&#8220;]@ET-DC@eyJkeW5hbWljIjp0cnVlLCJjb250ZW50IjoicG9zdF90aXRsZSIsInNldHRpbmdzIjp7ImJlZm9yZSI6IjxoMz5BcnRpa2VsIFx1MDBmY2JlciAiLCJhZnRlciI6IjwvaDM+In19@[\/et_pb_text][\/et_pb_column][\/et_pb_row][\/et_pb_section][et_pb_section fb_built=&#8220;1&#8243; _builder_version=&#8220;4.27.4&#8243; _module_preset=&#8220;default&#8220; custom_padding=&#8220;0px|0px|0px|0px|false|false&#8220; locked=&#8220;off&#8220; global_colors_info=&#8220;{}&#8220;][et_pb_row _builder_version=&#8220;4.27.4&#8243; _module_preset=&#8220;default&#8220; custom_margin=&#8220;||||false|false&#8220; custom_padding=&#8220;0px|0px|0px|0px|false|false&#8220; global_colors_info=&#8220;{}&#8220;][et_pb_column type=&#8220;4_4&#8243; _builder_version=&#8220;4.27.4&#8243; _module_preset=&#8220;default&#8220; global_colors_info=&#8220;{}&#8220;][et_pb_blog posts_number=&#8220;4&#8243; include_categories=&#8220;121&#8243; meta_date=&#8220;j. M Y&#8220; show_thumbnail=&#8220;off&#8220; use_manual_excerpt=&#8220;off&#8220; show_categories=&#8220;off&#8220; module_class=&#8220;related_articles_list&#8220; _builder_version=&#8220;4.27.4&#8243; _module_preset=&#8220;default&#8220; header_level=&#8220;h6&#8243; global_colors_info=&#8220;{}&#8220;][\/et_pb_blog][\/et_pb_column][\/et_pb_row][\/et_pb_section][et_pb_section fb_built=&#8220;1&#8243; admin_label=&#8220;Sektion&#8220; _builder_version=&#8220;4.27.4&#8243; _module_preset=&#8220;8d3f797a-b5b7-4662-8f8a-a5574fa036b1&#8243; global_module=&#8220;24033&#8243; saved_tabs=&#8220;all&#8220; locked=&#8220;off&#8220; global_colors_info=&#8220;{}&#8220;][et_pb_row _builder_version=&#8220;4.27.4&#8243; _module_preset=&#8220;default&#8220; custom_padding=&#8220;40px||40px||false|false&#8220; global_colors_info=&#8220;{}&#8220;][et_pb_column type=&#8220;4_4&#8243; _builder_version=&#8220;4.27.4&#8243; _module_preset=&#8220;default&#8220; global_colors_info=&#8220;{}&#8220;][et_pb_text _builder_version=&#8220;4.27.4&#8243; _dynamic_attributes=&#8220;content&#8220; _module_preset=&#8220;default&#8220; global_colors_info=&#8220;{}&#8220;]@ET-DC@eyJkeW5hbWljIjp0cnVlLCJjb250ZW50IjoicG9zdF90aXRsZSIsInNldHRpbmdzIjp7ImJlZm9yZSI6IjxoMz4iLCJhZnRlciI6IiBDYXNlIFN0dWRpZXM8L2gzPiJ9fQ==@[\/et_pb_text][\/et_pb_column][\/et_pb_row][\/et_pb_section][et_pb_section fb_built=&#8220;1&#8243; admin_label=&#8220;Sektion&#8220; _builder_version=&#8220;4.27.4&#8243; _module_preset=&#8220;default&#8220; custom_padding=&#8220;0px||0px|||&#8220; locked=&#8220;off&#8220; global_colors_info=&#8220;{}&#8220;][et_pb_row _builder_version=&#8220;4.27.4&#8243; _module_preset=&#8220;default&#8220; custom_margin=&#8220;||||false|false&#8220; custom_padding=&#8220;0px|0px|0px|0px|false|false&#8220; locked=&#8220;off&#8220; global_colors_info=&#8220;{}&#8220;][et_pb_column type=&#8220;4_4&#8243; _builder_version=&#8220;4.27.4&#8243; _module_preset=&#8220;default&#8220; global_colors_info=&#8220;{}&#8220;][et_pb_portfolio include_categories=&#8220;131&#8243; show_pagination=&#8220;off&#8220; admin_label=&#8220;Portfolio&#8220; module_class=&#8220;related_casestudies_list&#8220; _builder_version=&#8220;4.27.4&#8243; _module_preset=&#8220;default&#8220; title_level=&#8220;h4&#8243; global_colors_info=&#8220;{}&#8220;][\/et_pb_portfolio][\/et_pb_column][\/et_pb_row][\/et_pb_section][et_pb_section fb_built=&#8220;1&#8243; _builder_version=&#8220;4.27.4&#8243; _module_preset=&#8220;default&#8220; background_color=&#8220;#FDC5F6&#8243; saved_tabs=&#8220;all&#8220; global_colors_info=&#8220;{}&#8220;][et_pb_row _builder_version=&#8220;4.19.4&#8243; _module_preset=&#8220;default&#8220; global_colors_info=&#8220;{}&#8220;][et_pb_column type=&#8220;4_4&#8243; _builder_version=&#8220;4.19.4&#8243; _module_preset=&#8220;default&#8220; custom_padding=&#8220;||||false|false&#8220; custom_padding_tablet=&#8220;|25%|||false|false&#8220; custom_padding_phone=&#8220;|0%|||false|false&#8220; custom_padding_last_edited=&#8220;on|desktop&#8220; global_colors_info=&#8220;{}&#8220;][et_pb_text _builder_version=&#8220;4.27.4&#8243; _module_preset=&#8220;default&#8220; global_colors_info=&#8220;{}&#8220;]<\/p>\n<h2>Bereit f\u00fcr Klarheit, \u2026<\/h2>\n<p>[\/et_pb_text][et_pb_text _builder_version=&#8220;4.27.4&#8243; _module_preset=&#8220;default&#8220; global_colors_info=&#8220;{}&#8220;]<\/p>\n<h3>\u2026 Skalierbarkeit und Ordnung im Design-Chaos? Wir bauen euch das System, das zu euch passt. Meldet euch!<\/h3>\n<p>[\/et_pb_text][et_pb_button button_url=&#8220;https:\/\/cal.meetergo.com\/birdux&#8220; url_new_window=&#8220;on&#8220; button_text=&#8220;Jetzt kostenloses Erstgespr\u00e4ch vereinbaren&#8220; _builder_version=&#8220;4.27.4&#8243; _module_preset=&#8220;default&#8220; global_colors_info=&#8220;{}&#8220; custom_css_main_element_last_edited=&#8220;on|phone&#8220; custom_css_main_element_tablet=&#8220;max-width: 320px;\t&#8220; custom_css_main_element_phone=&#8220;max-width: 320px;\t&#8222;][\/et_pb_button][\/et_pb_column][\/et_pb_row][\/et_pb_section][et_pb_section fb_built=&#8220;1&#8243; _builder_version=&#8220;4.27.4&#8243; _module_preset=&#8220;default&#8220; background_color=&#8220;#101010&#8243; locked=&#8220;off&#8220; global_colors_info=&#8220;{}&#8220;][et_pb_row _builder_version=&#8220;4.27.4&#8243; _module_preset=&#8220;default&#8220; custom_padding=&#8220;||0px|||&#8220; global_colors_info=&#8220;{}&#8220;][et_pb_column type=&#8220;4_4&#8243; _builder_version=&#8220;4.27.4&#8243; _module_preset=&#8220;default&#8220; global_colors_info=&#8220;{}&#8220;][et_pb_text _builder_version=&#8220;4.27.4&#8243; _module_preset=&#8220;default&#8220; background_layout=&#8220;dark&#8220; global_colors_info=&#8220;{}&#8220;]<\/p>\n<h3>Weitere Services<\/h3>\n<p>[\/et_pb_text][\/et_pb_column][\/et_pb_row][et_pb_row column_structure=&#8220;1_4,1_4,1_4,1_4&#8243; use_custom_gutter=&#8220;on&#8220; gutter_width=&#8220;1&#8243; make_equal=&#8220;on&#8220; _builder_version=&#8220;4.27.4&#8243; _module_preset=&#8220;default&#8220; custom_padding=&#8220;0px||||false|false&#8220; locked=&#8220;off&#8220; global_colors_info=&#8220;{}&#8220;][et_pb_column type=&#8220;1_4&#8243; _builder_version=&#8220;4.27.4&#8243; _module_preset=&#8220;default&#8220; border_radii_tablet=&#8220;&#8220; border_radii_phone=&#8220;off|||20px|&#8220; border_radii_last_edited=&#8220;on|phone&#8220; global_colors_info=&#8220;{}&#8220; background__hover_enabled=&#8220;on|hover&#8220; background_color_gradient_stops__hover=&#8220;rgba(21,255,188,0.5) 0%|#15ffbc 99%&#8220; use_background_color_gradient__hover=&#8220;on&#8220; border_radii__hover_enabled=&#8220;on|desktop&#8220; border_radii__hover=&#8220;off|||40px|&#8220;][et_pb_blurb title=&#8220;Anforderungsanalyse&#8220; image=&#8220;https:\/\/birdux.studio\/wp-content\/uploads\/2025\/05\/list-star-thin-w.svg&#8220; _builder_version=&#8220;4.27.4&#8243; _dynamic_attributes=&#8220;link_option_url&#8220; _module_preset=&#8220;0dcf7262-3077-4d60-bbcc-77bf4a7e232f&#8220; link_option_url=&#8220;@ET-DC@eyJkeW5hbWljIjp0cnVlLCJjb250ZW50IjoicG9zdF9saW5rX3VybF9wYWdlIiwic2V0dGluZ3MiOnsicG9zdF9pZCI6IjEzODI5In19@&#8220; global_module=&#8220;23853&#8243; saved_tabs=&#8220;all&#8220; global_colors_info=&#8220;{}&#8220; image__hover_enabled=&#8220;on|desktop&#8220; image__hover=&#8220;https:\/\/birdux.studio\/wp-content\/uploads\/2025\/05\/list-star-thin.svg&#8220;]<\/p>\n<p>Mit echten Insights zu mehr Klarheit und weniger Bauchgef\u00fchl.\u00a0 Wir analysieren, was Dein Projekt wirklich braucht. Das Ergebnis: belastbare Anforderungen, klare Priorit\u00e4ten und fundierte Grundlagen f\u00fcr digitale Produkte, die wirklich wirken.<\/p>\n<p><strong>\u00bb Analyse f\u00fcr mehr Relevanz<br \/><\/strong><\/p>\n<p>[\/et_pb_blurb][\/et_pb_column][et_pb_column type=&#8220;1_4&#8243; _builder_version=&#8220;4.27.4&#8243; _module_preset=&#8220;default&#8220; border_radii_tablet=&#8220;&#8220; border_radii_phone=&#8220;off|||20px|&#8220; border_radii_last_edited=&#8220;on|phone&#8220; global_colors_info=&#8220;{}&#8220; background__hover_enabled=&#8220;on|hover&#8220; use_background_color_gradient__hover=&#8220;on&#8220; background_color_gradient_stops__hover=&#8220;rgba(21,255,188,0.5) 0%|#15ffbc 99%&#8220; border_radii__hover=&#8220;off|||40px|&#8220; border_radii__hover_enabled=&#8220;on|desktop&#8220;][et_pb_blurb title=&#8220;UX Strategie&#8220; image=&#8220;https:\/\/birdux.studio\/wp-content\/uploads\/2025\/05\/shooting-star-thin-w.svg&#8220; _builder_version=&#8220;4.27.4&#8243; _dynamic_attributes=&#8220;link_option_url&#8220; _module_preset=&#8220;0dcf7262-3077-4d60-bbcc-77bf4a7e232f&#8220; link_option_url=&#8220;@ET-DC@eyJkeW5hbWljIjp0cnVlLCJjb250ZW50IjoicG9zdF9saW5rX3VybF9wYWdlIiwic2V0dGluZ3MiOnsicG9zdF9pZCI6IjE0NTU3In19@&#8220; global_module=&#8220;23854&#8243; saved_tabs=&#8220;all&#8220; global_colors_info=&#8220;{}&#8220; image__hover_enabled=&#8220;on|hover&#8220; image__hover=&#8220;https:\/\/birdux.studio\/wp-content\/uploads\/2025\/05\/shooting-star-thin.svg&#8220;]<\/p>\n<p>Vision ist gut. Richtung ist besser. Eine UX Strategie bringt Klarheit, wo es hingehen soll und was es daf\u00fcr wirklich braucht. Wir helfen dir, UX langfristig im Unternehmen zu verankern: mit Vision, Plan und Haltung.<\/p>\n<p><strong>\u00bb UX f\u00fcr weniger Blindflug und mehr Richtung<br \/><\/strong><\/p>\n<p>[\/et_pb_blurb][\/et_pb_column][et_pb_column type=&#8220;1_4&#8243; _builder_version=&#8220;4.27.4&#8243; _module_preset=&#8220;default&#8220; border_radii_tablet=&#8220;&#8220; border_radii_phone=&#8220;off|||20px|&#8220; border_radii_last_edited=&#8220;on|phone&#8220; global_colors_info=&#8220;{}&#8220; background__hover_enabled=&#8220;on|hover&#8220; use_background_color_gradient__hover=&#8220;on&#8220; background_color_gradient_stops__hover=&#8220;rgba(21,255,188,0.5) 0%|#15ffbc 99%&#8220; border_radii__hover=&#8220;off|||40px|&#8220; border_radii__hover_enabled=&#8220;on|desktop&#8220;][et_pb_blurb title=&#8220;User Experience Design&#8220; image=&#8220;https:\/\/birdux.studio\/wp-content\/uploads\/2025\/05\/sparkle-thin-w.svg&#8220; _builder_version=&#8220;4.27.4&#8243; _dynamic_attributes=&#8220;link_option_url&#8220; _module_preset=&#8220;0dcf7262-3077-4d60-bbcc-77bf4a7e232f&#8220; link_option_url=&#8220;@ET-DC@eyJkeW5hbWljIjp0cnVlLCJjb250ZW50IjoicG9zdF9saW5rX3VybF9wYWdlIiwic2V0dGluZ3MiOnsicG9zdF9pZCI6IjE0NTc3In19@&#8220; global_module=&#8220;23855&#8243; saved_tabs=&#8220;all&#8220; global_colors_info=&#8220;{}&#8220; image__hover_enabled=&#8220;on|hover&#8220; image__hover=&#8220;https:\/\/birdux.studio\/wp-content\/uploads\/2025\/05\/sparkle-thin.svg&#8220;]<\/p>\n<p>Wir gestalten digitale Erlebnisse, die funktionieren \u2013 f\u00fcr Menschen, nicht f\u00fcr Features. Gute UX reduziert Frust, st\u00e4rkt Teilhabe und bringt Projekte wirklich voran. Wir h\u00f6ren zu, denken mit und gestalten Interfaces, die klar, inklusiv und wirksam sind.<\/p>\n<p><strong>\u00bb UX f\u00fcr weniger RAGE und mehr LOVE<\/strong><\/p>\n<p>[\/et_pb_blurb][\/et_pb_column][et_pb_column type=&#8220;1_4&#8243; _builder_version=&#8220;4.27.4&#8243; _module_preset=&#8220;default&#8220; border_radii_tablet=&#8220;&#8220; border_radii_phone=&#8220;off|||20px|&#8220; border_radii_last_edited=&#8220;on|phone&#8220; global_colors_info=&#8220;{}&#8220; background__hover_enabled=&#8220;on|hover&#8220; use_background_color_gradient__hover=&#8220;on&#8220; background_color_gradient_stops__hover=&#8220;rgba(21,255,188,0.5) 0%|#15ffbc 99%&#8220; border_radii__hover=&#8220;off|||40px|&#8220; border_radii__hover_enabled=&#8220;on|desktop&#8220;][et_pb_blurb title=&#8220;UX Evaluation&#8220; image=&#8220;https:\/\/birdux.studio\/wp-content\/uploads\/2025\/05\/shooting-star-thin-w.svg&#8220; _builder_version=&#8220;4.27.4&#8243; _dynamic_attributes=&#8220;link_option_url&#8220; _module_preset=&#8220;0dcf7262-3077-4d60-bbcc-77bf4a7e232f&#8220; link_option_url=&#8220;@ET-DC@eyJkeW5hbWljIjp0cnVlLCJjb250ZW50IjoicG9zdF9saW5rX3VybF9wYWdlIiwic2V0dGluZ3MiOnsicG9zdF9pZCI6IjI1MDEwIn19@&#8220; custom_css_free_form=&#8220;strong {||  font-weight: 600;||}&#8220; custom_css_blurb_image=&#8220;margin-bottom: 0;&#8220; custom_css_blurb_title=&#8220;padding-bottom: 20px;&#8220; global_module=&#8220;26171&#8243; saved_tabs=&#8220;all&#8220; global_colors_info=&#8220;{}&#8220; image__hover_enabled=&#8220;on|hover&#8220; image__hover=&#8220;https:\/\/birdux.studio\/wp-content\/uploads\/2025\/05\/shooting-star-thin.svg&#8220;]<\/p>\n<p>Teste, bevor&#8217;s teuer wird. Wir helfen dir, Konzepte, Prototypen oder bestehende Systeme auf den Pr\u00fcfstand zu stellen und gezielt zu verbessern.<\/p>\n<p><strong>\u00bb Mehr erfahren<br \/>\n<\/strong><\/p>\n<p>[\/et_pb_blurb][\/et_pb_column][\/et_pb_row][\/et_pb_section]<\/p>\n","protected":false},"excerpt":{"rendered":"<p>Design SystemeEin System, viele L\u00f6sungen Design Systeme bringen Ordnung ins Chaos und bringen Funktionalit\u00e4t und Design in Einklang, ohne dabei langweilig zu werden.Warum Design Systeme?Weil Copy-Paste kein Konzept ist. Und weil digitale Produkte skalieren, aber nur, wenn auch die Gestaltung mitkommt. Design Systeme schaffen Klarheit, Konsistenz und Geschwindigkeit. Sie entfernen damit Unsicherheiten und Unvorhersehbares und [&hellip;]<\/p>\n","protected":false},"author":1,"featured_media":0,"parent":11559,"menu_order":0,"comment_status":"closed","ping_status":"closed","template":"","meta":{"_et_pb_use_builder":"on","_et_pb_old_content":"<!-- wp:divi\/placeholder \/-->","_et_gb_content_width":"","footnotes":""},"class_list":["post-14581","page","type-page","status-publish","hentry"],"_links":{"self":[{"href":"https:\/\/birdux.studio\/en\/wp-json\/wp\/v2\/pages\/14581","targetHints":{"allow":["GET"]}}],"collection":[{"href":"https:\/\/birdux.studio\/en\/wp-json\/wp\/v2\/pages"}],"about":[{"href":"https:\/\/birdux.studio\/en\/wp-json\/wp\/v2\/types\/page"}],"author":[{"embeddable":true,"href":"https:\/\/birdux.studio\/en\/wp-json\/wp\/v2\/users\/1"}],"replies":[{"embeddable":true,"href":"https:\/\/birdux.studio\/en\/wp-json\/wp\/v2\/comments?post=14581"}],"version-history":[{"count":0,"href":"https:\/\/birdux.studio\/en\/wp-json\/wp\/v2\/pages\/14581\/revisions"}],"up":[{"embeddable":true,"href":"https:\/\/birdux.studio\/en\/wp-json\/wp\/v2\/pages\/11559"}],"wp:attachment":[{"href":"https:\/\/birdux.studio\/en\/wp-json\/wp\/v2\/media?parent=14581"}],"curies":[{"name":"wp","href":"https:\/\/api.w.org\/{rel}","templated":true}]}}