{"id":25010,"date":"2025-05-22T14:57:53","date_gmt":"2025-05-22T12:57:53","guid":{"rendered":"http:\/\/neu.thegeekettez.com\/?page_id=25010"},"modified":"2026-04-07T10:51:11","modified_gmt":"2026-04-07T08:51:11","slug":"ux-evaluation","status":"publish","type":"page","link":"https:\/\/birdux.studio\/en\/leistungen\/ux-evaluation\/","title":{"rendered":"UX Evaluation"},"content":{"rendered":"<p>[et_pb_section fb_built=&#8220;1&#8243; admin_label=&#8220;Interaction Design Header&#8220; _builder_version=&#8220;4.21.0&#8243; _module_preset=&#8220;default&#8220; locked=&#8220;off&#8220; global_colors_info=&#8220;{}&#8220;][et_pb_row _builder_version=&#8220;4.27.4&#8243; _module_preset=&#8220;default&#8220; global_colors_info=&#8220;{}&#8220;][et_pb_column type=&#8220;4_4&#8243; _builder_version=&#8220;4.27.4&#8243; _module_preset=&#8220;default&#8220; global_colors_info=&#8220;{}&#8220;][et_pb_text module_class=&#8220;topline&#8220; _builder_version=&#8220;4.27.4&#8243; _module_preset=&#8220;7e2fb8b0-5ccc-4b1f-b209-5f4ccb5fcdce&#8220; global_colors_info=&#8220;{}&#8220;]<\/p>\n<p>UX Evaluation<\/p>\n<p>[\/et_pb_text][et_pb_text _builder_version=&#8220;4.27.4&#8243; _module_preset=&#8220;default&#8220; global_colors_info=&#8220;{}&#8220;]<\/p>\n<h1>Build the thing right \u2013 und mache es dann immer besser.<\/h1>\n<p>[\/et_pb_text][et_pb_text _builder_version=&#8220;4.27.4&#8243; _module_preset=&#8220;4dcbf21a-5831-4278-86ea-908ad1a6eba1&#8243; global_colors_info=&#8220;{}&#8220;]<\/p>\n<h3>Wir helfen dir, digitale Produkte und Services durch fundierte Evaluation laufend zu verbessern. F\u00fcr Ideen, Konzepte und Produkte, die nicht nur gedacht, sondern \u00fcberrp\u00fcft sind.<\/h3>\n<p>[\/et_pb_text][\/et_pb_column][\/et_pb_row][et_pb_row module_class=&#8220;leistung&#8220; _builder_version=&#8220;4.27.4&#8243; _module_preset=&#8220;default&#8220; custom_padding=&#8220;0px|||||&#8220; global_colors_info=&#8220;{}&#8220;][et_pb_column type=&#8220;4_4&#8243; _builder_version=&#8220;4.19.2&#8243; _module_preset=&#8220;default&#8220; global_colors_info=&#8220;{}&#8220;][et_pb_text _builder_version=&#8220;4.27.4&#8243; _module_preset=&#8220;default&#8220; global_colors_info=&#8220;{}&#8220;]<\/p>\n<h4>Produkte und Services, die auf Erkenntnissen statt Vermutungen basieren sparen Geld, Zeit und Nerven.<\/h4>\n<p>[\/et_pb_text][et_pb_text _builder_version=&#8220;4.27.4&#8243; _module_preset=&#8220;default&#8220; global_colors_info=&#8220;{}&#8220;]<\/p>\n<p>Ob Konzept, Prototyp oder fertiges Produkt \u2013 wir evaluieren dort, wo du gerade stehst. Mit Hilfe unterschiedlicher Methoden wie z.B. Usability-Tests, Expertinnen-Reviews oder Heuristischen Evaluationen finden wir heraus, was funktioniert \u2013 und was nicht. So erkennst du fr\u00fch, wo Stolpersteine liegen, bevor sie deine Nutzer*innen ausbremsen.<\/p>\n<p>UX-Evaluationen zahlen sich dabei doppelt aus: Sie minimieren das Risiko teurer Fehlentscheidungen und senken langfristig die Support- und Entwicklungskosten. Denn was in fr\u00fchen Phasen \u00fcberpr\u00fcft und verbessert wird, muss sp\u00e4ter nicht aufw\u00e4ndig repariert werden. Denn: Jede usability-bedingte Supportanfrage, jeder Workaround im Code, jede frustrierte Nutzer*in verursacht Kosten. Evaluation spart \u2013 und zwar Zeit, Geld und Nerven.<\/p>\n<p>[\/et_pb_text][et_pb_text _builder_version=&#8220;4.27.4&#8243; _module_preset=&#8220;default&#8220; global_colors_info=&#8220;{}&#8220;]<\/p>\n<h4>Produkte und Services, die kontinuierlich besser werden<\/h4>\n<p>[\/et_pb_text][et_pb_text _builder_version=&#8220;4.27.4&#8243; _module_preset=&#8220;default&#8220; global_colors_info=&#8220;{}&#8220;]<\/p>\n<p>UX ist kein einmaliger Vorgang. Deshalb unterst\u00fctzen wir dich auch dabei, Evaluation langfristig in deinen Prozessen und Unternehmen zu verankern. Wir bieten Mentoring und Schulungen rund um Testmethoden wie z.B. Remote-Usability-Tests, Card Sorting und Tree Testing an, und beraten bez\u00fcglich Moderationstechniken, Zielgruppenscreening und -Rekrutierung. Damit UX-Evaluation keine H\u00fcrde mehr ist, sondern ein Werkzeug, das in deinem Team lebt.<\/p>\n<p><strong>Und wie k\u00f6nnte sowas in der Praxis aussehen?<\/strong><\/p>\n<ul>\n<li><strong>F\u00fcr Medienh\u00e4user:<\/strong> Schnelle Tests von Navigations- oder Artikelstrukturen helfen, Lesefluss und Vertrauen zu st\u00e4rken \u2013 noch bevor die Seite live geht.<\/li>\n<li><strong>F\u00fcr Industrieunternehmen:<\/strong> UX-Reviews zeigen, wo Arbeitsabl\u00e4ufe stocken \u2013 z.B. bei komplexen Dashboards oder mobilen Anwendungen im Feld.<\/li>\n<li><strong>F\u00fcr Bildungseinrichtungen:<\/strong> Tests decken auf, ob digitale Lernumgebungen wirklich zug\u00e4nglich, verst\u00e4ndlich und stressfrei nutzbar sind.<\/li>\n<li><strong>F\u00fcr NGOs:<\/strong> Durch begleitende Tests von Spendenprozessen, Community-Funktionen oder Barrierefreiheit sichern wir ab, dass Engagement nicht an der UX scheitert.<\/li>\n<\/ul>\n<p>[\/et_pb_text][\/et_pb_column][\/et_pb_row][\/et_pb_section][et_pb_section fb_built=&#8220;1&#8243; _builder_version=&#8220;4.27.4&#8243; _module_preset=&#8220;daaab1ea-6eab-4b32-b2b9-7e77420a314d&#8220; global_module=&#8220;24030&#8243; saved_tabs=&#8220;all&#8220; locked=&#8220;off&#8220; global_colors_info=&#8220;{}&#8220;][et_pb_row _builder_version=&#8220;4.27.4&#8243; _module_preset=&#8220;default&#8220; custom_padding=&#8220;40px||40px||false|false&#8220; global_colors_info=&#8220;{}&#8220;][et_pb_column type=&#8220;4_4&#8243; _builder_version=&#8220;4.27.4&#8243; _module_preset=&#8220;default&#8220; global_colors_info=&#8220;{}&#8220;][et_pb_text _builder_version=&#8220;4.27.4&#8243; _dynamic_attributes=&#8220;content&#8220; _module_preset=&#8220;default&#8220; global_colors_info=&#8220;{}&#8220;]@ET-DC@eyJkeW5hbWljIjp0cnVlLCJjb250ZW50IjoicG9zdF90aXRsZSIsInNldHRpbmdzIjp7ImJlZm9yZSI6IjxoMz5BcnRpa2VsIFx1MDBmY2JlciAiLCJhZnRlciI6IjwvaDM+In19@[\/et_pb_text][\/et_pb_column][\/et_pb_row][\/et_pb_section][et_pb_section fb_built=&#8220;1&#8243; _builder_version=&#8220;4.27.4&#8243; _module_preset=&#8220;default&#8220; custom_padding=&#8220;0px|0px|0px|0px|false|false&#8220; locked=&#8220;off&#8220; global_colors_info=&#8220;{}&#8220;][et_pb_row _builder_version=&#8220;4.27.4&#8243; _module_preset=&#8220;default&#8220; custom_margin=&#8220;||||false|false&#8220; custom_padding=&#8220;0px|0px|0px|0px|false|false&#8220; global_colors_info=&#8220;{}&#8220;][et_pb_column type=&#8220;4_4&#8243; _builder_version=&#8220;4.27.4&#8243; _module_preset=&#8220;default&#8220; global_colors_info=&#8220;{}&#8220;][et_pb_blog posts_number=&#8220;4&#8243; include_categories=&#8220;45&#8243; meta_date=&#8220;j. M Y&#8220; show_thumbnail=&#8220;off&#8220; use_manual_excerpt=&#8220;off&#8220; show_categories=&#8220;off&#8220; module_class=&#8220;related_articles_list&#8220; _builder_version=&#8220;4.27.6&#8243; _module_preset=&#8220;default&#8220; header_level=&#8220;h6&#8243; hover_enabled=&#8220;0&#8243; global_colors_info=&#8220;{}&#8220; sticky_enabled=&#8220;0&#8243;][\/et_pb_blog][\/et_pb_column][\/et_pb_row][\/et_pb_section][et_pb_section fb_built=&#8220;1&#8243; admin_label=&#8220;Sektion&#8220; _builder_version=&#8220;4.27.4&#8243; _module_preset=&#8220;8d3f797a-b5b7-4662-8f8a-a5574fa036b1&#8243; global_module=&#8220;24033&#8243; saved_tabs=&#8220;all&#8220; locked=&#8220;off&#8220; global_colors_info=&#8220;{}&#8220;][et_pb_row _builder_version=&#8220;4.27.4&#8243; _module_preset=&#8220;default&#8220; custom_padding=&#8220;40px||40px||false|false&#8220; global_colors_info=&#8220;{}&#8220;][et_pb_column type=&#8220;4_4&#8243; _builder_version=&#8220;4.27.4&#8243; _module_preset=&#8220;default&#8220; global_colors_info=&#8220;{}&#8220;][et_pb_text _builder_version=&#8220;4.27.4&#8243; _dynamic_attributes=&#8220;content&#8220; _module_preset=&#8220;default&#8220; global_colors_info=&#8220;{}&#8220;]@ET-DC@eyJkeW5hbWljIjp0cnVlLCJjb250ZW50IjoicG9zdF90aXRsZSIsInNldHRpbmdzIjp7ImJlZm9yZSI6IjxoMz4iLCJhZnRlciI6IiBDYXNlIFN0dWRpZXM8L2gzPiJ9fQ==@[\/et_pb_text][\/et_pb_column][\/et_pb_row][\/et_pb_section][et_pb_section fb_built=&#8220;1&#8243; admin_label=&#8220;Sektion&#8220; _builder_version=&#8220;4.27.4&#8243; _module_preset=&#8220;default&#8220; custom_padding=&#8220;0px||0px|||&#8220; locked=&#8220;off&#8220; global_colors_info=&#8220;{}&#8220;][et_pb_row _builder_version=&#8220;4.27.4&#8243; _module_preset=&#8220;default&#8220; custom_margin=&#8220;||||false|false&#8220; custom_padding=&#8220;0px|0px|0px|0px|false|false&#8220; locked=&#8220;off&#8220; global_colors_info=&#8220;{}&#8220;][et_pb_column type=&#8220;4_4&#8243; _builder_version=&#8220;4.27.4&#8243; _module_preset=&#8220;default&#8220; global_colors_info=&#8220;{}&#8220;][et_pb_portfolio include_categories=&#8220;129&#8243; show_pagination=&#8220;off&#8220; admin_label=&#8220;Portfolio&#8220; module_class=&#8220;related_casestudies_list&#8220; _builder_version=&#8220;4.27.6&#8243; _module_preset=&#8220;default&#8220; title_level=&#8220;h4&#8243; hover_enabled=&#8220;0&#8243; global_colors_info=&#8220;{}&#8220; sticky_enabled=&#8220;0&#8243;][\/et_pb_portfolio][\/et_pb_column][\/et_pb_row][\/et_pb_section][et_pb_section fb_built=&#8220;1&#8243; _builder_version=&#8220;4.27.4&#8243; _module_preset=&#8220;default&#8220; background_color=&#8220;#FDC5F6&#8243; saved_tabs=&#8220;all&#8220; locked=&#8220;off&#8220; global_colors_info=&#8220;{}&#8220;][et_pb_row _builder_version=&#8220;4.27.4&#8243; _module_preset=&#8220;default&#8220; global_colors_info=&#8220;{}&#8220;][et_pb_column type=&#8220;4_4&#8243; _builder_version=&#8220;4.19.4&#8243; _module_preset=&#8220;default&#8220; global_colors_info=&#8220;{}&#8220;][et_pb_text _builder_version=&#8220;4.27.4&#8243; _module_preset=&#8220;default&#8220; global_colors_info=&#8220;{}&#8220;]<\/p>\n<h2>Lust auf echte Erkenntnisse?<\/h2>\n<p>[\/et_pb_text][et_pb_text _builder_version=&#8220;4.27.4&#8243; _module_preset=&#8220;default&#8220; global_colors_info=&#8220;{}&#8220;]<\/p>\n<h3>Wir zeigen dir, wie du mit Evaluation echte Wirkung erzielst und Dein Produkt kontinuierlich verbessert, f\u00fcr gl\u00fccklichere Nutzer*innen und Teams.<\/h3>\n<p>[\/et_pb_text][et_pb_button button_url=&#8220;https:\/\/cal.meetergo.com\/birdux&#8220; button_text=&#8220;Jetzt kostenloses Erstgespr\u00e4ch vereinbaren&#8220; _builder_version=&#8220;4.27.4&#8243; _module_preset=&#8220;default&#8220; global_colors_info=&#8220;{}&#8220; custom_css_main_element_last_edited=&#8220;on|phone&#8220; custom_css_main_element_tablet=&#8220;max-width: 320px;\t&#8220; custom_css_main_element_phone=&#8220;max-width: 320px;\t&#8222;][\/et_pb_button][\/et_pb_column][\/et_pb_row][\/et_pb_section][et_pb_section fb_built=&#8220;1&#8243; _builder_version=&#8220;4.27.4&#8243; _module_preset=&#8220;default&#8220; background_color=&#8220;#101010&#8243; locked=&#8220;off&#8220; global_colors_info=&#8220;{}&#8220;][et_pb_row _builder_version=&#8220;4.27.4&#8243; _module_preset=&#8220;default&#8220; custom_padding=&#8220;||0px|||&#8220; global_colors_info=&#8220;{}&#8220;][et_pb_column type=&#8220;4_4&#8243; _builder_version=&#8220;4.27.4&#8243; _module_preset=&#8220;default&#8220; global_colors_info=&#8220;{}&#8220;][et_pb_text _builder_version=&#8220;4.27.4&#8243; _module_preset=&#8220;default&#8220; background_layout=&#8220;dark&#8220; global_colors_info=&#8220;{}&#8220;]<\/p>\n<h3>Weitere Leistungen<\/h3>\n<p>[\/et_pb_text][\/et_pb_column][\/et_pb_row][et_pb_row column_structure=&#8220;1_4,1_4,1_4,1_4&#8243; use_custom_gutter=&#8220;on&#8220; gutter_width=&#8220;1&#8243; make_equal=&#8220;on&#8220; _builder_version=&#8220;4.27.4&#8243; _module_preset=&#8220;default&#8220; custom_padding=&#8220;0px||||false|false&#8220; global_colors_info=&#8220;{}&#8220;][et_pb_column type=&#8220;1_4&#8243; _builder_version=&#8220;4.27.4&#8243; _module_preset=&#8220;default&#8220; border_radii_tablet=&#8220;&#8220; border_radii_phone=&#8220;off|||20px|&#8220; border_radii_last_edited=&#8220;on|phone&#8220; global_colors_info=&#8220;{}&#8220; background__hover_enabled=&#8220;on|hover&#8220; background_color_gradient_stops__hover=&#8220;rgba(21,255,188,0.5) 0%|#15ffbc 99%&#8220; use_background_color_gradient__hover=&#8220;on&#8220; border_radii__hover_enabled=&#8220;on|desktop&#8220; border_radii__hover=&#8220;off|||40px|&#8220;][et_pb_blurb title=&#8220;Anforderungsanalyse&#8220; image=&#8220;https:\/\/birdux.studio\/wp-content\/uploads\/2025\/05\/list-star-thin-w.svg&#8220; _builder_version=&#8220;4.27.4&#8243; _dynamic_attributes=&#8220;link_option_url&#8220; _module_preset=&#8220;0dcf7262-3077-4d60-bbcc-77bf4a7e232f&#8220; link_option_url=&#8220;@ET-DC@eyJkeW5hbWljIjp0cnVlLCJjb250ZW50IjoicG9zdF9saW5rX3VybF9wYWdlIiwic2V0dGluZ3MiOnsicG9zdF9pZCI6IjEzODI5In19@&#8220; global_module=&#8220;23853&#8243; saved_tabs=&#8220;all&#8220; global_colors_info=&#8220;{}&#8220; image__hover_enabled=&#8220;on|desktop&#8220; image__hover=&#8220;https:\/\/birdux.studio\/wp-content\/uploads\/2025\/05\/list-star-thin.svg&#8220;]<\/p>\n<p>Mit echten Insights zu mehr Klarheit und weniger Bauchgef\u00fchl.\u00a0 Wir analysieren, was Dein Projekt wirklich braucht. Das Ergebnis: belastbare Anforderungen, klare Priorit\u00e4ten und fundierte Grundlagen f\u00fcr digitale Produkte, die wirklich wirken.<\/p>\n<p><strong>\u00bb Analyse f\u00fcr mehr Relevanz<br \/><\/strong><\/p>\n<p>[\/et_pb_blurb][\/et_pb_column][et_pb_column type=&#8220;1_4&#8243; _builder_version=&#8220;4.27.4&#8243; _module_preset=&#8220;default&#8220; border_radii_tablet=&#8220;&#8220; border_radii_phone=&#8220;off|||20px|&#8220; border_radii_last_edited=&#8220;on|phone&#8220; global_colors_info=&#8220;{}&#8220; background__hover_enabled=&#8220;on|hover&#8220; use_background_color_gradient__hover=&#8220;on&#8220; background_color_gradient_stops__hover=&#8220;rgba(21,255,188,0.5) 0%|#15ffbc 99%&#8220; border_radii__hover=&#8220;off|||40px|&#8220; border_radii__hover_enabled=&#8220;on|desktop&#8220;][et_pb_blurb title=&#8220;UX Strategie&#8220; image=&#8220;https:\/\/birdux.studio\/wp-content\/uploads\/2025\/05\/shooting-star-thin-w.svg&#8220; _builder_version=&#8220;4.27.6&#8243; _dynamic_attributes=&#8220;link_option_url&#8220; _module_preset=&#8220;0dcf7262-3077-4d60-bbcc-77bf4a7e232f&#8220; animation=&#8220;off&#8220; link_option_url=&#8220;@ET-DC@eyJkeW5hbWljIjp0cnVlLCJjb250ZW50IjoicG9zdF9saW5rX3VybF9wYWdlIiwic2V0dGluZ3MiOnsicG9zdF9pZCI6IjE0NTU3In19@&#8220; global_module=&#8220;23854&#8243; saved_tabs=&#8220;all&#8220; global_colors_info=&#8220;{}&#8220; image__hover_enabled=&#8220;on|hover&#8220; image__hover=&#8220;https:\/\/birdux.studio\/wp-content\/uploads\/2025\/05\/shooting-star-thin.svg&#8220;]<\/p>\n<p>Vision ist gut. Richtung ist besser. Eine UX Strategie bringt Klarheit, wo es hingehen soll und was es daf\u00fcr wirklich braucht. Wir helfen dir, UX langfristig im Unternehmen zu verankern: mit Vision, Plan und Haltung.<\/p>\n<p><strong>\u00bb UX f\u00fcr weniger Blindflug und mehr Richtung<br \/><\/strong><\/p>\n<p>[\/et_pb_blurb][\/et_pb_column][et_pb_column type=&#8220;1_4&#8243; _builder_version=&#8220;4.27.4&#8243; _module_preset=&#8220;default&#8220; border_radii_tablet=&#8220;&#8220; border_radii_phone=&#8220;off|||20px|&#8220; border_radii_last_edited=&#8220;on|phone&#8220; global_colors_info=&#8220;{}&#8220; background__hover_enabled=&#8220;on|hover&#8220; use_background_color_gradient__hover=&#8220;on&#8220; background_color_gradient_stops__hover=&#8220;rgba(21,255,188,0.5) 0%|#15ffbc 99%&#8220; border_radii__hover=&#8220;off|||40px|&#8220; border_radii__hover_enabled=&#8220;on|desktop&#8220;][et_pb_blurb title=&#8220;User Experience Design&#8220; image=&#8220;https:\/\/birdux.studio\/wp-content\/uploads\/2025\/05\/sparkle-thin-w.svg&#8220; _builder_version=&#8220;4.27.6&#8243; _dynamic_attributes=&#8220;link_option_url&#8220; _module_preset=&#8220;0dcf7262-3077-4d60-bbcc-77bf4a7e232f&#8220; link_option_url=&#8220;@ET-DC@eyJkeW5hbWljIjp0cnVlLCJjb250ZW50IjoicG9zdF9saW5rX3VybF9wYWdlIiwic2V0dGluZ3MiOnsicG9zdF9pZCI6IjE0NTc3In19@&#8220; global_module=&#8220;23855&#8243; saved_tabs=&#8220;all&#8220; global_colors_info=&#8220;{}&#8220; image__hover_enabled=&#8220;on|hover&#8220; image__hover=&#8220;https:\/\/birdux.studio\/wp-content\/uploads\/2025\/05\/sparkle-thin.svg&#8220;]<\/p>\n<p>Wir gestalten digitale Erlebnisse, die funktionieren \u2013 f\u00fcr Menschen, nicht f\u00fcr Features. Gute UX reduziert Frust, st\u00e4rkt Teilhabe und bringt Projekte wirklich voran. Wir h\u00f6ren zu, denken mit und gestalten Interfaces, die klar, inklusiv und wirksam sind.<\/p>\n<p><strong>\u00bb UX f\u00fcr weniger RAGE und mehr LOVE<\/strong><\/p>\n<p>[\/et_pb_blurb][\/et_pb_column][et_pb_column type=&#8220;1_4&#8243; _builder_version=&#8220;4.27.4&#8243; _module_preset=&#8220;default&#8220; border_radii_tablet=&#8220;&#8220; border_radii_phone=&#8220;off|||20px|&#8220; border_radii_last_edited=&#8220;on|phone&#8220; global_colors_info=&#8220;{}&#8220; background__hover_enabled=&#8220;on|hover&#8220; use_background_color_gradient__hover=&#8220;on&#8220; background_color_gradient_stops__hover=&#8220;rgba(21,255,188,0.5) 0%|#15ffbc 99%&#8220; border_radii__hover=&#8220;off|||40px|&#8220; border_radii__hover_enabled=&#8220;on|desktop&#8220;][et_pb_blurb title=&#8220;Design Systeme&#8220; image=&#8220;https:\/\/birdux.studio\/wp-content\/uploads\/2025\/05\/magic-wand-thin-w.svg&#8220; _builder_version=&#8220;4.27.6&#8243; _dynamic_attributes=&#8220;link_option_url&#8220; _module_preset=&#8220;0dcf7262-3077-4d60-bbcc-77bf4a7e232f&#8220; animation=&#8220;off&#8220; link_option_url=&#8220;@ET-DC@eyJkeW5hbWljIjp0cnVlLCJjb250ZW50IjoicG9zdF9saW5rX3VybF9wYWdlIiwic2V0dGluZ3MiOnsicG9zdF9pZCI6IjE0NTgxIn19@&#8220; global_module=&#8220;23856&#8243; saved_tabs=&#8220;all&#8220; global_colors_info=&#8220;{}&#8220; image__hover_enabled=&#8220;on|hover&#8220; image__hover=&#8220;https:\/\/birdux.studio\/wp-content\/uploads\/2025\/05\/magic-wand-thin.svg&#8220;]<\/p>\n<p>Konsistenz, Skalierbarkeit und gutes Design, endlich kein Widerspruch mehr. Design Systeme sorgen f\u00fcr Ordnung, wo vorher Wildwuchs war \u2013 in Teams, im Code und im Interface. Wir konzipieren, designen und dokumentieren Systeme, die nicht nur funktionieren, sondern Freiraum f\u00fcr echte Gestaltung lassen.<\/p>\n<p><strong>\u00bb Design f\u00fcr weniger Chaos und mehr Klarheit<br \/><\/strong><\/p>\n<p>[\/et_pb_blurb][\/et_pb_column][\/et_pb_row][\/et_pb_section]<\/p>\n","protected":false},"excerpt":{"rendered":"<p>UX EvaluationBuild the thing right \u2013 und mache es dann immer besser.Wir helfen dir, digitale Produkte und Services durch fundierte Evaluation laufend zu verbessern. F\u00fcr Ideen, Konzepte und Produkte, die nicht nur gedacht, sondern \u00fcberrp\u00fcft sind.Produkte und Services, die auf Erkenntnissen statt Vermutungen basieren sparen Geld, Zeit und Nerven.Ob Konzept, Prototyp oder fertiges Produkt \u2013 [&hellip;]<\/p>\n","protected":false},"author":3,"featured_media":0,"parent":11559,"menu_order":0,"comment_status":"closed","ping_status":"closed","template":"","meta":{"_et_pb_use_builder":"on","_et_pb_old_content":"<!-- wp:divi\/placeholder \/-->","_et_gb_content_width":"","footnotes":""},"class_list":["post-25010","page","type-page","status-publish","hentry"],"_links":{"self":[{"href":"https:\/\/birdux.studio\/en\/wp-json\/wp\/v2\/pages\/25010","targetHints":{"allow":["GET"]}}],"collection":[{"href":"https:\/\/birdux.studio\/en\/wp-json\/wp\/v2\/pages"}],"about":[{"href":"https:\/\/birdux.studio\/en\/wp-json\/wp\/v2\/types\/page"}],"author":[{"embeddable":true,"href":"https:\/\/birdux.studio\/en\/wp-json\/wp\/v2\/users\/3"}],"replies":[{"embeddable":true,"href":"https:\/\/birdux.studio\/en\/wp-json\/wp\/v2\/comments?post=25010"}],"version-history":[{"count":2,"href":"https:\/\/birdux.studio\/en\/wp-json\/wp\/v2\/pages\/25010\/revisions"}],"predecessor-version":[{"id":27175,"href":"https:\/\/birdux.studio\/en\/wp-json\/wp\/v2\/pages\/25010\/revisions\/27175"}],"up":[{"embeddable":true,"href":"https:\/\/birdux.studio\/en\/wp-json\/wp\/v2\/pages\/11559"}],"wp:attachment":[{"href":"https:\/\/birdux.studio\/en\/wp-json\/wp\/v2\/media?parent=25010"}],"curies":[{"name":"wp","href":"https:\/\/api.w.org\/{rel}","templated":true}]}}