{"id":9702,"date":"2016-06-16T17:36:06","date_gmt":"2016-06-16T15:36:06","guid":{"rendered":"http:\/\/neu.thegeekettez.com\/?page_id=9702"},"modified":"2026-01-08T13:43:30","modified_gmt":"2026-01-08T12:43:30","slug":"imprint","status":"publish","type":"page","link":"https:\/\/birdux.studio\/en\/impressum\/","title":{"rendered":"Legal Notice"},"content":{"rendered":"<p>[et_pb_section fb_built=&#8220;1&#8243; admin_label=&#8220;section&#8220; module_class=&#8220;leistung&#8220; _builder_version=&#8220;4.27.4&#8243; global_colors_info=&#8220;{}&#8220;][et_pb_row admin_label=&#8220;row&#8220; _builder_version=&#8220;4.27.4&#8243; background_size=&#8220;initial&#8220; background_position=&#8220;top_left&#8220; background_repeat=&#8220;repeat&#8220; global_colors_info=&#8220;{}&#8220;][et_pb_column type=&#8220;4_4&#8243; _builder_version=&#8220;4.16&#8243; custom_padding=&#8220;|||&#8220; global_colors_info=&#8220;{}&#8220; custom_padding__hover=&#8220;|||&#8220;][et_pb_text admin_label=&#8220;Text&#8220; _builder_version=&#8220;4.27.4&#8243; background_size=&#8220;initial&#8220; background_position=&#8220;top_left&#8220; background_repeat=&#8220;repeat&#8220; hover_enabled=&#8220;0&#8243; global_colors_info=&#8220;{}&#8220; sticky_enabled=&#8220;0&#8243;]<\/p>\n<h1>Impressum<\/h1>\n<h2>Diensteanbieter<\/h2>\n<p>BIRD UX Kegel &amp; Moss GbR<br \/>Rheindammstr. 19<br \/>68163 Mannheim<br \/>Deutschland<\/p>\n<h3>Kontaktm\u00f6glichkeiten<\/h3>\n<p>E-Mail-Adresse:\u00a0hallo@birdux.studio<br \/>Kontaktformular: www.birdux.studio\/kontakt<\/p>\n<h3>Vertretungsberechtigte Personen<\/h3>\n<p>Vertretungsberechtigt: Stefanie Kegel (Inhaberin), Jennifer Moss (Inhaberin)<\/p>\n<h3>Journalistisch-redaktionelle Angebote<\/h3>\n<p>Inhaltlich verantwortlich: Stefanie Kegel und Jennifer Moss (Adresse wie oben)<\/p>\n<h2>Angaben zum Unternehmen<\/h2>\n<p>Umsatzsteuer Identifikationsnummer (USt-ID): DE278398778<\/p>\n<p>Gesch\u00e4ftsbereich: Studio f\u00fcr User Research und Experience Design<\/p>\n<p>Berufshaftpflichtversicherung<br \/>ERGO Versicherung AG40198 D\u00fcsseldorf<br \/>R\u00e4umliche Geltung: EU<\/p>\n<h2>Social Media und andere Onlinepr\u00e4senzen<\/h2>\n<p>Dieses Impressum gilt auch f\u00fcr die folgenden Social-Media-Pr\u00e4senzen und Onlineprofile:<\/p>\n<p>https:\/\/www.linkedin.com\/company\/birdux-studio\/<br \/>https:\/\/bsky.app\/profile\/birdux.bsky.social<br \/><a href=\"https:\/\/www.instagram.com\/thegeekettez\/\" target=\"_blank\" rel=\"noopener\">https:\/\/www.instagram.com\/thegeekettez\/<\/a><\/p>\n<h2>Vorbehalt der Nutzung f\u00fcr Text und Data Mining<\/h2>\n<p>Vorbehalt der Nutzung f\u00fcr Text und Data Mining: Der Inhaber dieser Website gestattet die Nutzung oder das Herunterladen von Inhalten dieser Website durch Dritte f\u00fcr die Entwicklung, das Training oder den Betrieb von k\u00fcnstlicher Intelligenz oder anderen maschinellen Lernsystemen (&#8222;Text und Data Mining&#8220;) ausschlie\u00dflich mit ausdr\u00fccklicher schriftlicher Zustimmung des Inhabers. Ohne eine solche Zustimmung ist es untersagt, die Inhalte f\u00fcr Text und Data Mining zu verwenden. Dies gilt auch, wenn auf der Website keine Meta-Angaben vorhanden sind, die entsprechende Verfahren aussperren, und selbst dann, wenn Bots, die den Zweck haben, die Website zu Zwecken des Text und Data Mining auszulesen, nicht ausgesperrt werden.<\/p>\n<h2>Haftungs- und Schutzrechtshinweise<\/h2>\n<p><strong>Haftungsausschluss<\/strong>: Die Inhalte dieses Onlineangebotes wurden sorgf\u00e4ltig und nach unserem aktuellen Kenntnisstand erstellt, dienen jedoch nur der Information und entfalten keine rechtlich bindende Wirkung, sofern es sich nicht um gesetzlich verpflichtende Informationen (z. B. das Impressum, die Datenschutzerkl\u00e4rung, AGB oder verpflichtende Belehrungen von Verbrauchern) handelt. Wir behalten uns vor, die Inhalte vollst\u00e4ndig oder teilweise zu \u00e4ndern oder zu l\u00f6schen, soweit vertragliche Verpflichtungen unber\u00fchrt bleiben. Alle Angebote sind freibleibend und unverbindlich.<\/p>\n<p><strong>Links auf fremde Webseiten<\/strong>: Die Inhalte fremder Webseiten, auf die wir direkt oder indirekt verweisen, liegen au\u00dferhalb unseres Verantwortungsbereiches und wir machen sie uns nicht zu Eigen. F\u00fcr alle Inhalte und Nachteile, die aus der Nutzung der in den verlinkten Webseiten aufrufbaren Informationen entstehen, \u00fcbernehmen wir keine Verantwortung.<\/p>\n<p><strong>Urheberrechte und Markenrechte<\/strong>: Alle auf dieser Website dargestellten Inhalte, wie Texte, Fotografien, Grafiken, Marken und Warenzeichen sind durch die jeweiligen Schutzrechte (Urheberrechte, Markenrechte) gesch\u00fctzt. Die Verwendung, Vervielf\u00e4ltigung usw. unterliegen unseren Rechten oder den Rechten der jeweiligen Urheber bzw. Rechteinhaber.<\/p>\n<p><strong>Hinweise auf Rechtsverst\u00f6\u00dfe<\/strong>: Sollten Sie innerhalb unseres Internetauftritts Rechtsverst\u00f6\u00dfe bemerken, bitten wir Sie uns auf diese hinzuweisen. Wir werden rechtswidrige Inhalte und Links nach Kenntnisnahme unverz\u00fcglich entfernen.<\/p>\n<p>&nbsp;<\/p>\n<p>[\/et_pb_text][\/et_pb_column][\/et_pb_row][\/et_pb_section]<\/p>\n","protected":false},"excerpt":{"rendered":"<p>Impressum Diensteanbieter BIRD UX Kegel &amp; Moss GbRRheindammstr. 1968163 MannheimDeutschland Kontaktm\u00f6glichkeiten E-Mail-Adresse:\u00a0hallo@birdux.studioKontaktformular: www.birdux.studio\/kontakt Vertretungsberechtigte Personen Vertretungsberechtigt: Stefanie Kegel (Inhaberin), Jennifer Moss (Inhaberin) Journalistisch-redaktionelle Angebote Inhaltlich verantwortlich: Stefanie Kegel und Jennifer Moss (Adresse wie oben) Angaben zum Unternehmen Umsatzsteuer Identifikationsnummer (USt-ID): DE278398778 Gesch\u00e4ftsbereich: Studio f\u00fcr User Research und Experience Design BerufshaftpflichtversicherungERGO Versicherung AG40198 D\u00fcsseldorfR\u00e4umliche Geltung: EU [&hellip;]<\/p>\n","protected":false},"author":2,"featured_media":0,"parent":0,"menu_order":999,"comment_status":"closed","ping_status":"closed","template":"","meta":{"_et_pb_use_builder":"on","_et_pb_old_content":"<!-- wp:heading -->\n<h2>Diensteanbieter<\/h2>\n<!-- \/wp:heading -->\n\n<!-- wp:paragraph -->\n<p>The Geekettez \u2013 Kegel &amp; Moss Gbr<br>Rheindammstra\u00dfe 19<br>68163 Mannheim<br>Germany<\/p>\n<!-- \/wp:paragraph -->\n\n<!-- wp:heading {\"level\":5} -->\n<h5>Kontaktm\u00f6glichkeiten<\/h5>\n<!-- \/wp:heading -->\n\n<!-- wp:paragraph -->\n<p>E-Mail-Adresse:&nbsp;<a href=\"mailto:hello@thegeekettez.com\">hello@thegeekettez.com<\/a><br>Kontaktformular: www.thegeekettez.com\/kontakt<\/p>\n<!-- \/wp:paragraph -->\n\n<!-- wp:heading {\"level\":5} -->\n<h5>Vertretungsberechtigte Personen<\/h5>\n<!-- \/wp:heading -->\n\n<!-- wp:paragraph -->\n<p>Vertretungsberechtigt: Stefanie Kegel (Inhaberin), Jennifer Moss (Inhaberin)<\/p>\n<!-- \/wp:paragraph -->\n\n<!-- wp:heading {\"level\":5} -->\n<h5>Journalistisch-redaktionelle Angebote<\/h5>\n<!-- \/wp:heading -->\n\n<!-- wp:paragraph -->\n<p>Inhaltlich verantwortlich: Stefanie Kegel und Jennifer Moss (Adresse wie oben)<\/p>\n<!-- \/wp:paragraph -->\n\n<!-- wp:heading -->\n<h2>Angaben zum Unternehmen<\/h2>\n<!-- \/wp:heading -->\n\n<!-- wp:paragraph -->\n<p>Umsatzsteuer Identifikationsnummer (USt-ID): DE278398778<\/p>\n<!-- \/wp:paragraph -->\n\n<!-- wp:paragraph -->\n<p>Berufshaftpflichtversicherung<br>ERGO Versicherung AG40198 D\u00fcsseldorf<br>R\u00e4umliche Geltung: EU<\/p>\n<!-- \/wp:paragraph -->\n\n<!-- wp:heading -->\n<h2>Social Media und andere Onlinepr\u00e4senzen<\/h2>\n<!-- \/wp:heading -->\n\n<!-- wp:paragraph -->\n<p>Dieses Impressum gilt auch f\u00fcr die folgenden Social-Media-Pr\u00e4senzen und Onlineprofile:<\/p>\n<!-- \/wp:paragraph -->\n\n<!-- wp:paragraph -->\n<p><a href=\"https:\/\/www.linkedin.com\/company\/the-geekettez\" target=\"_blank\" rel=\"noreferrer noopener\">https:\/\/www.linkedin.com\/company\/the-geekettez<\/a>\/<br><a href=\"https:\/\/www.instagram.com\/thegeekettez\/\" target=\"_blank\" rel=\"noreferrer noopener\">https:\/\/www.instagram.com\/thegeekettez\/<\/a><br><a href=\"https:\/\/twitter.com\/thegeekettez\" target=\"_blank\" rel=\"noreferrer noopener\">https:\/\/twitter.com\/thegeekettez<\/a><\/p>\n<!-- \/wp:paragraph -->\n\n<!-- wp:heading -->\n<h2>Haftungs- und Schutzrechtshinweise<\/h2>\n<!-- \/wp:heading -->\n\n<!-- wp:paragraph -->\n<p><strong>Haftungsausschluss:<\/strong>&nbsp;Die Inhalte dieses Onlineangebotes wurden sorgf\u00e4ltig und nach unserem aktuellen Kenntnisstand erstellt, dienen jedoch nur der Information und entfalten keine rechtlich bindende Wirkung, sofern es sich nicht um gesetzlich verpflichtende Informationen (z.B. das Impressum, die Datenschutzerkl\u00e4rung, AGB oder verpflichtende Belehrungen von Verbrauchern) handelt. Wir behalten uns vor, die Inhalte vollst\u00e4ndig oder teilweise zu \u00e4ndern oder zu l\u00f6schen, soweit vertragliche Verpflichtungen unber\u00fchrt bleiben. Alle Angebote sind freibleibend und unverbindlich.<\/p>\n<!-- \/wp:paragraph -->\n\n<!-- wp:paragraph -->\n<p><strong>Links auf fremde Webseiten:<\/strong>&nbsp;Die Inhalte fremder Webseiten, auf die wir direkt oder indirekt verweisen, liegen au\u00dferhalb unseres Verantwortungsbereiches und wir machen sie uns nicht zu Eigen. F\u00fcr alle Inhalte und Nachteile, die aus der Nutzung der in den verlinkten Webseiten aufrufbaren Informationen entstehen, \u00fcbernehmen wir keine Verantwortung.<br>Urheberrechte und Markenrechte: Alle auf dieser Website dargestellten Inhalte, wie Texte, Fotografien, Grafiken, Marken und Warenzeichen sind durch die jeweiligen Schutzrechte (Urheberrechte, Markenrechte) gesch\u00fctzt. Die Verwendung, Vervielf\u00e4ltigung usw. unterliegen unseren Rechten oder den Rechten der jeweiligen Urheber bzw. Rechteinhaber.<\/p>\n<!-- \/wp:paragraph -->\n\n<!-- wp:paragraph -->\n<p><strong>Hinweise auf Rechtsverst\u00f6\u00dfe:<\/strong>&nbsp;Sollten Sie innerhalb unseres Internetauftritts Rechtsverst\u00f6\u00dfe bemerken, bitten wir Sie uns auf diese hinzuweisen. Wir werden rechtswidrige Inhalte und Links nach Kenntnisnahme unverz\u00fcglich entfernen.<\/p>\n<!-- \/wp:paragraph -->\n\n<!-- wp:heading -->\n<h2>Bildnachweise<\/h2>\n<!-- \/wp:heading -->\n\n<!-- wp:paragraph -->\n<p>Bildquellen und Urheberrechtshinweise: Hintergrundbilder und Illustrationen von&nbsp;<a href=\"https:\/\/www.figma.com\/@charco_design\" target=\"_blank\" rel=\"noreferrer noopener\">https:\/\/www.figma.com\/@charco_design<\/a>&nbsp;(CC BY 4.0)<\/p>\n<!-- \/wp:paragraph -->","_et_gb_content_width":"","footnotes":""},"class_list":["post-9702","page","type-page","status-publish","hentry"],"_links":{"self":[{"href":"https:\/\/birdux.studio\/en\/wp-json\/wp\/v2\/pages\/9702","targetHints":{"allow":["GET"]}}],"collection":[{"href":"https:\/\/birdux.studio\/en\/wp-json\/wp\/v2\/pages"}],"about":[{"href":"https:\/\/birdux.studio\/en\/wp-json\/wp\/v2\/types\/page"}],"author":[{"embeddable":true,"href":"https:\/\/birdux.studio\/en\/wp-json\/wp\/v2\/users\/2"}],"replies":[{"embeddable":true,"href":"https:\/\/birdux.studio\/en\/wp-json\/wp\/v2\/comments?post=9702"}],"version-history":[{"count":2,"href":"https:\/\/birdux.studio\/en\/wp-json\/wp\/v2\/pages\/9702\/revisions"}],"predecessor-version":[{"id":26979,"href":"https:\/\/birdux.studio\/en\/wp-json\/wp\/v2\/pages\/9702\/revisions\/26979"}],"wp:attachment":[{"href":"https:\/\/birdux.studio\/en\/wp-json\/wp\/v2\/media?parent=9702"}],"curies":[{"name":"wp","href":"https:\/\/api.w.org\/{rel}","templated":true}]}}